{"id":10460,"date":"2024-04-22T21:20:03","date_gmt":"2024-04-22T18:20:03","guid":{"rendered":"https:\/\/www.mekaotomotiv.com.tr\/?post_type=product&#038;p=10460"},"modified":"2024-04-22T21:37:05","modified_gmt":"2024-04-22T18:37:05","slug":"6-100914-man","status":"publish","type":"product","link":"https:\/\/www.mekaotomotiv.com.tr\/en\/product\/6-100914-man\/","title":{"rendered":"6.100914 MAN"},"content":{"rendered":"<p>OED NO haricindeki referans numaralar\u0131 ve isimler yaln\u0131zca kar\u015f\u0131la\u015ft\u0131rma ama\u00e7l\u0131d\u0131r.<\/p>\n<p>Reference numbers and names with the exception of OED NO, are only intended for comparison purposes.<\/p>","protected":false},"excerpt":{"rendered":"<p>51081010914 | 51081010889<\/p>\n<p>EGZOZ MAN\u0130FOLTU<\/p>\n<p>EXHAUST MANIFOLD<\/p>\n<p>COLECTOR DE ESCAPE<\/p>\n<p>\u0412\u044b\u043f\u0443\u0441\u043a\u043d\u043e\u0439 \u043a\u043e\u043b\u043b\u0435\u043a\u0442\u043e\u0440<\/p>","protected":false},"featured_media":10462,"template":"","meta":{"om_disable_all_campaigns":false,"_monsterinsights_skip_tracking":false,"_monsterinsights_sitenote_active":false,"_monsterinsights_sitenote_note":"","_monsterinsights_sitenote_category":0},"product_cat":[49,69],"product_tag":[],"class_list":["post-10460","product","type-product","status-publish","has-post-thumbnail","hentry","product_cat-man","product_cat-motor"],"aioseo_notices":[],"_links":{"self":[{"href":"https:\/\/www.mekaotomotiv.com.tr\/en\/wp-json\/wp\/v2\/product\/10460","targetHints":{"allow":["GET"]}}],"collection":[{"href":"https:\/\/www.mekaotomotiv.com.tr\/en\/wp-json\/wp\/v2\/product"}],"about":[{"href":"https:\/\/www.mekaotomotiv.com.tr\/en\/wp-json\/wp\/v2\/types\/product"}],"wp:featuredmedia":[{"embeddable":true,"href":"https:\/\/www.mekaotomotiv.com.tr\/en\/wp-json\/wp\/v2\/media\/10462"}],"wp:attachment":[{"href":"https:\/\/www.mekaotomotiv.com.tr\/en\/wp-json\/wp\/v2\/media?parent=10460"}],"wp:term":[{"taxonomy":"product_cat","embeddable":true,"href":"https:\/\/www.mekaotomotiv.com.tr\/en\/wp-json\/wp\/v2\/product_cat?post=10460"},{"taxonomy":"product_tag","embeddable":true,"href":"https:\/\/www.mekaotomotiv.com.tr\/en\/wp-json\/wp\/v2\/product_tag?post=10460"}],"curies":[{"name":"wp","href":"https:\/\/api.w.org\/{rel}","templated":true}]}}