{"id":10844,"date":"2024-04-26T11:27:45","date_gmt":"2024-04-26T08:27:45","guid":{"rendered":"https:\/\/www.mekaotomotiv.com.tr\/?post_type=product&#038;p=10844"},"modified":"2024-04-26T11:31:48","modified_gmt":"2024-04-26T08:31:48","slug":"1-118091-scania","status":"publish","type":"product","link":"https:\/\/www.mekaotomotiv.com.tr\/en\/product\/1-118091-scania\/","title":{"rendered":"1.118091 SCANIA"},"content":{"rendered":"<p>OED NO haricindeki referans numaralar\u0131 ve isimler yaln\u0131zca kar\u015f\u0131la\u015ft\u0131rma ama\u00e7l\u0131d\u0131r.<\/p>\n<p>Reference numbers and names with the exception of OED NO, are only intended for comparison purposes.<\/p>","protected":false},"excerpt":{"rendered":"<p>1318091 | 1369981 | 1887506 | 570319<\/p>\n<p>YA\u011e POMPASI<\/p>\n<p>OIL PUMP<\/p>\n<p>BOMBA DE ACEITE<\/p>\n<p>\u041c\u0430\u0441\u043b\u044f\u043d\u044b\u0439 \u043d\u0430\u0441\u043e\u0441<\/p>","protected":false},"featured_media":10845,"template":"","meta":{"om_disable_all_campaigns":false,"_monsterinsights_skip_tracking":false,"_monsterinsights_sitenote_active":false,"_monsterinsights_sitenote_note":"","_monsterinsights_sitenote_category":0},"product_cat":[15,69],"product_tag":[],"class_list":["post-10844","product","type-product","status-publish","has-post-thumbnail","hentry","product_cat-scania","product_cat-motor"],"aioseo_notices":[],"_links":{"self":[{"href":"https:\/\/www.mekaotomotiv.com.tr\/en\/wp-json\/wp\/v2\/product\/10844","targetHints":{"allow":["GET"]}}],"collection":[{"href":"https:\/\/www.mekaotomotiv.com.tr\/en\/wp-json\/wp\/v2\/product"}],"about":[{"href":"https:\/\/www.mekaotomotiv.com.tr\/en\/wp-json\/wp\/v2\/types\/product"}],"wp:featuredmedia":[{"embeddable":true,"href":"https:\/\/www.mekaotomotiv.com.tr\/en\/wp-json\/wp\/v2\/media\/10845"}],"wp:attachment":[{"href":"https:\/\/www.mekaotomotiv.com.tr\/en\/wp-json\/wp\/v2\/media?parent=10844"}],"wp:term":[{"taxonomy":"product_cat","embeddable":true,"href":"https:\/\/www.mekaotomotiv.com.tr\/en\/wp-json\/wp\/v2\/product_cat?post=10844"},{"taxonomy":"product_tag","embeddable":true,"href":"https:\/\/www.mekaotomotiv.com.tr\/en\/wp-json\/wp\/v2\/product_tag?post=10844"}],"curies":[{"name":"wp","href":"https:\/\/api.w.org\/{rel}","templated":true}]}}