{"id":10936,"date":"2024-04-26T16:50:33","date_gmt":"2024-04-26T13:50:33","guid":{"rendered":"https:\/\/www.mekaotomotiv.com.tr\/?post_type=product&#038;p=10936"},"modified":"2024-04-26T16:52:01","modified_gmt":"2024-04-26T13:52:01","slug":"4-110522-daf","status":"publish","type":"product","link":"https:\/\/www.mekaotomotiv.com.tr\/en\/product\/4-110522-daf\/","title":{"rendered":"4.110522 DAF"},"content":{"rendered":"<p>OED NO haricindeki referans numaralar\u0131 ve isimler yaln\u0131zca kar\u015f\u0131la\u015ft\u0131rma ama\u00e7l\u0131d\u0131r.<\/p>\n<p>Reference numbers and names with the exception of OED NO, are only intended for comparison purposes.<\/p>","protected":false},"excerpt":{"rendered":"<p>1698646 | 1840522<\/p>\n<p>YA\u011e POMPASI<\/p>\n<p>OIL PUMP<\/p>\n<p>BOMBA DE ACEITE<\/p>\n<p>\u041c\u0430\u0441\u043b\u044f\u043d\u044b\u0439 \u043d\u0430\u0441\u043e\u0441<\/p>","protected":false},"featured_media":10937,"template":"","meta":{"om_disable_all_campaigns":false,"_monsterinsights_skip_tracking":false,"_monsterinsights_sitenote_active":false,"_monsterinsights_sitenote_note":"","_monsterinsights_sitenote_category":0},"product_cat":[28,69],"product_tag":[],"class_list":["post-10936","product","type-product","status-publish","has-post-thumbnail","hentry","product_cat-daf","product_cat-motor"],"aioseo_notices":[],"_links":{"self":[{"href":"https:\/\/www.mekaotomotiv.com.tr\/en\/wp-json\/wp\/v2\/product\/10936","targetHints":{"allow":["GET"]}}],"collection":[{"href":"https:\/\/www.mekaotomotiv.com.tr\/en\/wp-json\/wp\/v2\/product"}],"about":[{"href":"https:\/\/www.mekaotomotiv.com.tr\/en\/wp-json\/wp\/v2\/types\/product"}],"wp:featuredmedia":[{"embeddable":true,"href":"https:\/\/www.mekaotomotiv.com.tr\/en\/wp-json\/wp\/v2\/media\/10937"}],"wp:attachment":[{"href":"https:\/\/www.mekaotomotiv.com.tr\/en\/wp-json\/wp\/v2\/media?parent=10936"}],"wp:term":[{"taxonomy":"product_cat","embeddable":true,"href":"https:\/\/www.mekaotomotiv.com.tr\/en\/wp-json\/wp\/v2\/product_cat?post=10936"},{"taxonomy":"product_tag","embeddable":true,"href":"https:\/\/www.mekaotomotiv.com.tr\/en\/wp-json\/wp\/v2\/product_tag?post=10936"}],"curies":[{"name":"wp","href":"https:\/\/api.w.org\/{rel}","templated":true}]}}