{"id":11032,"date":"2024-04-30T14:18:58","date_gmt":"2024-04-30T11:18:58","guid":{"rendered":"https:\/\/www.mekaotomotiv.com.tr\/?post_type=product&#038;p=11032"},"modified":"2024-04-30T14:19:46","modified_gmt":"2024-04-30T11:19:46","slug":"1-403827-scania","status":"publish","type":"product","link":"https:\/\/www.mekaotomotiv.com.tr\/en\/product\/1-403827-scania\/","title":{"rendered":"1.403827 SCANIA"},"content":{"rendered":"<p>OED NO haricindeki referans numaralar\u0131 ve isimler yaln\u0131zca kar\u015f\u0131la\u015ft\u0131rma ama\u00e7l\u0131d\u0131r.<\/p>\n<p>Reference numbers and names with the exception of OED NO, are only intended for comparison purposes.<\/p>","protected":false},"excerpt":{"rendered":"<p>1383827 | 5010146150 | 51121507013<\/p>\n<p>MAZOT POMPASI<\/p>\n<p>FEED PUMP<\/p>\n<p>BOMBA DE ALIMENTACI\u00d3N<\/p>\n<p>\u041f\u043e\u0434\u043a\u0430\u0447\u0438\u0432\u0430\u044e\u0449\u0438\u0439 \u043d\u0430\u0441\u043e\u0441<\/p>","protected":false},"featured_media":11033,"template":"","meta":{"om_disable_all_campaigns":false,"_monsterinsights_skip_tracking":false,"_monsterinsights_sitenote_active":false,"_monsterinsights_sitenote_note":"","_monsterinsights_sitenote_category":0},"product_cat":[15,82],"product_tag":[],"class_list":["post-11032","product","type-product","status-publish","has-post-thumbnail","hentry","product_cat-scania","product_cat-yakit-sistemi"],"aioseo_notices":[],"_links":{"self":[{"href":"https:\/\/www.mekaotomotiv.com.tr\/en\/wp-json\/wp\/v2\/product\/11032","targetHints":{"allow":["GET"]}}],"collection":[{"href":"https:\/\/www.mekaotomotiv.com.tr\/en\/wp-json\/wp\/v2\/product"}],"about":[{"href":"https:\/\/www.mekaotomotiv.com.tr\/en\/wp-json\/wp\/v2\/types\/product"}],"wp:featuredmedia":[{"embeddable":true,"href":"https:\/\/www.mekaotomotiv.com.tr\/en\/wp-json\/wp\/v2\/media\/11033"}],"wp:attachment":[{"href":"https:\/\/www.mekaotomotiv.com.tr\/en\/wp-json\/wp\/v2\/media?parent=11032"}],"wp:term":[{"taxonomy":"product_cat","embeddable":true,"href":"https:\/\/www.mekaotomotiv.com.tr\/en\/wp-json\/wp\/v2\/product_cat?post=11032"},{"taxonomy":"product_tag","embeddable":true,"href":"https:\/\/www.mekaotomotiv.com.tr\/en\/wp-json\/wp\/v2\/product_tag?post=11032"}],"curies":[{"name":"wp","href":"https:\/\/api.w.org\/{rel}","templated":true}]}}