{"id":11045,"date":"2024-04-30T21:12:10","date_gmt":"2024-04-30T18:12:10","guid":{"rendered":"https:\/\/www.mekaotomotiv.com.tr\/?post_type=product&#038;p=11045"},"modified":"2024-04-30T21:13:35","modified_gmt":"2024-04-30T18:13:35","slug":"2-409182-volvo-trucks-mack-perkins","status":"publish","type":"product","link":"https:\/\/www.mekaotomotiv.com.tr\/en\/product\/2-409182-volvo-trucks-mack-perkins\/","title":{"rendered":"2.409182 VOLVO TRUCKS | MACK | PERKINS"},"content":{"rendered":"<p>OED NO haricindeki referans numaralar\u0131 ve isimler yaln\u0131zca kar\u015f\u0131la\u015ft\u0131rma ama\u00e7l\u0131d\u0131r.<\/p>\n<p>Reference numbers and names with the exception of OED NO, are only intended for comparison purposes.<\/p>","protected":false},"excerpt":{"rendered":"<p>1199182 | 1698348 | 3826073 | OD20513 | 500007118<\/p>\n<p>MAZOT EL OTOMAT\u0130\u011e\u0130<\/p>\n<p>FUEL HAND PUMP<\/p>\n<p>BOMBA DE MANO<\/p>\n<p>\u0420\u0443\u0447\u043d\u043e\u0439 \u043d\u0430\u0441\u043e\u0441<\/p>","protected":false},"featured_media":11046,"template":"","meta":{"om_disable_all_campaigns":false,"_monsterinsights_skip_tracking":false,"_monsterinsights_sitenote_active":false,"_monsterinsights_sitenote_note":"","_monsterinsights_sitenote_category":0},"product_cat":[29,82],"product_tag":[],"class_list":["post-11045","product","type-product","status-publish","has-post-thumbnail","hentry","product_cat-volvo","product_cat-yakit-sistemi"],"aioseo_notices":[],"_links":{"self":[{"href":"https:\/\/www.mekaotomotiv.com.tr\/en\/wp-json\/wp\/v2\/product\/11045","targetHints":{"allow":["GET"]}}],"collection":[{"href":"https:\/\/www.mekaotomotiv.com.tr\/en\/wp-json\/wp\/v2\/product"}],"about":[{"href":"https:\/\/www.mekaotomotiv.com.tr\/en\/wp-json\/wp\/v2\/types\/product"}],"wp:featuredmedia":[{"embeddable":true,"href":"https:\/\/www.mekaotomotiv.com.tr\/en\/wp-json\/wp\/v2\/media\/11046"}],"wp:attachment":[{"href":"https:\/\/www.mekaotomotiv.com.tr\/en\/wp-json\/wp\/v2\/media?parent=11045"}],"wp:term":[{"taxonomy":"product_cat","embeddable":true,"href":"https:\/\/www.mekaotomotiv.com.tr\/en\/wp-json\/wp\/v2\/product_cat?post=11045"},{"taxonomy":"product_tag","embeddable":true,"href":"https:\/\/www.mekaotomotiv.com.tr\/en\/wp-json\/wp\/v2\/product_tag?post=11045"}],"curies":[{"name":"wp","href":"https:\/\/api.w.org\/{rel}","templated":true}]}}