{"id":9409,"date":"2023-12-13T18:15:26","date_gmt":"2023-12-13T15:15:26","guid":{"rendered":"https:\/\/www.mekaotomotiv.com.tr\/?page_id=9409"},"modified":"2023-12-13T18:16:32","modified_gmt":"2023-12-13T15:16:32","slug":"cerez-politikasi","status":"publish","type":"page","link":"https:\/\/www.mekaotomotiv.com.tr\/es\/cerez-politikasi\/","title":{"rendered":"Pol\u00edtica de Cookies"},"content":{"rendered":"<p>\u00daltima actualizaci\u00f3n: 30\/11\/2023<\/p>\r\n<p>Nosotros, Meka Otomotiv Yedek Par\u00e7a San. y Tic. Limitado. Como \u015eti., nos preocupamos por su seguridad y con esta Pol\u00edtica de Cookies, pretendemos informarles brevemente a ustedes, nuestros queridos visitantes, sobre qu\u00e9 cookies utilizamos en nuestro sitio web, con qu\u00e9 prop\u00f3sito y c\u00f3mo cambiar su configuraci\u00f3n de cookies.<\/p>\r\n<p>Para poder brindarle un mejor servicio, lea esta Pol\u00edtica de Cookies para obtener informaci\u00f3n breve sobre qu\u00e9 tipo de datos personales se recopilan a trav\u00e9s de las cookies, con qu\u00e9 finalidad y c\u00f3mo se procesan. Para m\u00e1s informaci\u00f3n, puedes consultar nuestra Pol\u00edtica de Privacidad o contactar con nosotros sin dudarlo.<\/p>\r\n<p><strong>\u00bfQu\u00e9 es una galleta?<\/strong><\/p>\r\n<p>Las cookies son peque\u00f1os archivos que se guardan en los dispositivos de los usuarios para que puedan utilizar los sitios web de forma m\u00e1s eficiente. Dado que la informaci\u00f3n de los usuarios es procesada a trav\u00e9s de cookies, los usuarios deben ser informados y obtener su consentimiento de acuerdo con la Ley de Protecci\u00f3n de Datos Personales N\u00b0 6698.<\/p>\r\n<p>Utilizamos varias cookies para garantizar que ustedes, nuestros queridos visitantes, puedan beneficiarse de nuestro sitio web de la manera m\u00e1s eficiente y mejorar la experiencia de usuario de nuestros queridos visitantes.<\/p>\r\n<ol>\r\n<li><strong>Cookies obligatorias<\/strong><\/li>\r\n<\/ol>\r\n<p>Las cookies obligatorias son cookies que hacen que el sitio web sea utilizable al habilitar funciones b\u00e1sicas del sitio web. El sitio web no funcionar\u00e1 correctamente sin estas cookies.<\/p>\r\n<ol start=\"2\">\r\n<li><strong>Cookies de rendimiento<\/strong><\/li>\r\n<\/ol>\r\n<p>Las cookies de rendimiento son cookies que recopilan de forma an\u00f3nima informaci\u00f3n de uso y preferencias de los visitantes con respecto al sitio web y, por lo tanto, permiten mejorar el rendimiento del sitio web.<\/p>\r\n<ol start=\"3\">\r\n<li><strong>Cookies funcionales<\/strong><\/li>\r\n<\/ol>\r\n<p>Las cookies funcionales permiten que los usuarios sean reconocidos y recordados en sus futuras visitas en funci\u00f3n de su uso anterior del sitio web y, por lo tanto, permiten que los sitios web diferencien el idioma, la regi\u00f3n, etc. de los usuarios. Son cookies que nos permiten dar un servicio personalizado como por ejemplo.<\/p>\r\n<ol start=\"4\">\r\n<li><strong>Cookies publicitarias<\/strong><\/li>\r\n<\/ol>\r\n<p>Las cookies publicitarias son cookies de terceros y se utilizan para rastrear el comportamiento de los visitantes en los sitios web. La finalidad de estas cookies es ayudar a mostrar anuncios que ser\u00e1n de inter\u00e9s para los visitantes en funci\u00f3n de sus necesidades, y la responsabilidad es de los terceros propietarios de las cookies.<\/p>\r\n<p><strong>\u00bfCu\u00e1les son los Datos Personales Tratados con Cookies?<\/strong><\/p>\r\n<p>Su identidad (nombre, apellidos, fecha de nacimiento, etc.) e informaci\u00f3n de contacto (direcci\u00f3n, direcci\u00f3n de correo electr\u00f3nico, tel\u00e9fono, IP, ubicaci\u00f3n, etc.) son recopilados por nosotros a trav\u00e9s de cookies, m\u00e9todos autom\u00e1ticos o no autom\u00e1ticos y, en ocasiones, proveedores de an\u00e1lisis: Se obtendr\u00e1, registrar\u00e1, almacenar\u00e1 y actualizar\u00e1 de terceros, como redes publicitarias, proveedores de informaci\u00f3n de b\u00fasqueda, proveedores de tecnolog\u00eda, y se procesar\u00e1 en funci\u00f3n del procesamiento de intereses leg\u00edtimos en el marco y durante el servicio y la relaci\u00f3n contractual entre nosotros.<\/p>\r\n<p><strong>\u00bfCon qu\u00e9 finalidad se utilizan las cookies?<\/strong><\/p>\r\n<p>Nuestro sitio web utiliza cookies para garantizar la seguridad detectando actividades sospechosas, aumentar la funcionalidad y el rendimiento de acuerdo con las preferencias de los usuarios, desarrollar y personalizar productos y servicios y facilitar el acceso a estos servicios, y cumplir con responsabilidades contractuales y legales. Adem\u00e1s, tambi\u00e9n es posible utilizar cookies publicitarias y compartir informaci\u00f3n con terceros para conectar a los usuarios con una gama m\u00e1s amplia de proveedores de servicios.<\/p>\r\n<p><strong>\u00bfC\u00f3mo se gestionan las cookies?<\/strong><\/p>\r\n<p>Despu\u00e9s de todas estas explicaciones, la cuesti\u00f3n de qu\u00e9 cookies utilizar queda enteramente a la libre voluntad de nuestros usuarios. Puede administrar sus preferencias de cookies tan pronto como ingrese a nuestro sitio web elimin\u00e1ndolas o bloque\u00e1ndolas desde la configuraci\u00f3n de su navegador, o puede cambiar esta configuraci\u00f3n en cualquier momento en el futuro. Para obtener informaci\u00f3n m\u00e1s detallada, puede consultar nuestra Pol\u00edtica de privacidad o contactarnos a trav\u00e9s de la direcci\u00f3n de correo electr\u00f3nico info@mekaotomotiv.com.tr.<\/p>","protected":false},"excerpt":{"rendered":"<p>Son g\u00fcncellenme: 30\/11\/2023 Biz, Meka Otomotiv Yedek Par\u00e7a San. ve Tic. Ltd. \u015eti., olarak g\u00fcvenli\u011finize \u00f6nem veriyor ve bu \u00c7erez Politikas\u0131 ile siz sevgili ziyaret\u00e7ilerimizi, web sitemizde hangi \u00e7erezleri, hangi ama\u00e7la kulland\u0131\u011f\u0131m\u0131z ve \u00e7erez ayarlar\u0131n\u0131z\u0131 nas\u0131l de\u011fi\u015ftirece\u011finiz konular\u0131nda k\u0131saca bilgilendirmeyi hedefliyoruz. Sizlere daha iyi hizmet verebilmek ad\u0131na, \u00e7erezler vas\u0131tas\u0131yla, ne t\u00fcr ki\u015fisel verilerinizin hangi ama\u00e7la&#8230;<\/p>","protected":false},"author":1,"featured_media":0,"parent":0,"menu_order":0,"comment_status":"closed","ping_status":"open","template":"","meta":{"om_disable_all_campaigns":false,"_monsterinsights_skip_tracking":false,"_monsterinsights_sitenote_active":false,"_monsterinsights_sitenote_note":"","_monsterinsights_sitenote_category":0,"footnotes":""},"class_list":["post-9409","page","type-page","status-publish","hentry"],"aioseo_notices":[],"_links":{"self":[{"href":"https:\/\/www.mekaotomotiv.com.tr\/es\/wp-json\/wp\/v2\/pages\/9409","targetHints":{"allow":["GET"]}}],"collection":[{"href":"https:\/\/www.mekaotomotiv.com.tr\/es\/wp-json\/wp\/v2\/pages"}],"about":[{"href":"https:\/\/www.mekaotomotiv.com.tr\/es\/wp-json\/wp\/v2\/types\/page"}],"author":[{"embeddable":true,"href":"https:\/\/www.mekaotomotiv.com.tr\/es\/wp-json\/wp\/v2\/users\/1"}],"replies":[{"embeddable":true,"href":"https:\/\/www.mekaotomotiv.com.tr\/es\/wp-json\/wp\/v2\/comments?post=9409"}],"version-history":[{"count":3,"href":"https:\/\/www.mekaotomotiv.com.tr\/es\/wp-json\/wp\/v2\/pages\/9409\/revisions"}],"predecessor-version":[{"id":9412,"href":"https:\/\/www.mekaotomotiv.com.tr\/es\/wp-json\/wp\/v2\/pages\/9409\/revisions\/9412"}],"wp:attachment":[{"href":"https:\/\/www.mekaotomotiv.com.tr\/es\/wp-json\/wp\/v2\/media?parent=9409"}],"curies":[{"name":"wp","href":"https:\/\/api.w.org\/{rel}","templated":true}]}}