{"id":9413,"date":"2023-12-13T18:18:09","date_gmt":"2023-12-13T15:18:09","guid":{"rendered":"https:\/\/www.mekaotomotiv.com.tr\/?page_id=9413"},"modified":"2023-12-13T18:18:09","modified_gmt":"2023-12-13T15:18:09","slug":"gizlilik-politikasi-2","status":"publish","type":"page","link":"https:\/\/www.mekaotomotiv.com.tr\/es\/gizlilik-politikasi-2\/","title":{"rendered":"Pol\u00edtica de Privacidad"},"content":{"rendered":"<p>\u00daltima actualizaci\u00f3n: 30\/11\/2023<\/p>\r\n<p>Su seguridad es importante para nosotros. Por este motivo, los datos personales que comparte con nosotros est\u00e1n protegidos con sensibilidad.<\/p>\r\n<p>Nosotros, Meka Otomotiv Yedek Par\u00e7a San. y Tic. Ltd. \u015eti., como controlador de datos, con esta pol\u00edtica de privacidad y protecci\u00f3n de datos personales, cu\u00e1les de sus datos personales se procesar\u00e1n con qu\u00e9 prop\u00f3sito, con qui\u00e9n y por qu\u00e9 se pueden compartir los datos procesados, nuestro m\u00e9todo de procesamiento de datos y razones legales; Nuestro objetivo es informarle sobre cu\u00e1les son sus derechos con respecto a sus datos procesados.<\/p>\r\n<p><strong>Sus datos personales recopilados, m\u00e9todo de recopilaci\u00f3n y motivo legal<\/strong><\/p>\r\n<p>Su direcci\u00f3n IP y la informaci\u00f3n del agente de usuario se utilizan \u00fanicamente con fines de an\u00e1lisis y cookies, etc. Se procesar\u00e1n en funci\u00f3n del procesamiento de inter\u00e9s leg\u00edtimo dentro del marco y la duraci\u00f3n del servicio y la relaci\u00f3n contractual entre nosotros mediante la obtenci\u00f3n, registro, almacenamiento y actualizaci\u00f3n a trav\u00e9s de tecnolog\u00edas. , m\u00e9todos autom\u00e1ticos o no autom\u00e1ticos y, en ocasiones, de terceros, como proveedores de an\u00e1lisis, redes de publicidad, proveedores de informaci\u00f3n de b\u00fasqueda, proveedores de tecnolog\u00eda. .<\/p>\r\n<p><strong>Finalidad del tratamiento de sus datos personales<\/strong><\/p>\r\n<p>Los datos personales que comparte con nosotros solo est\u00e1n disponibles a trav\u00e9s de an\u00e1lisis; Para poder cumplir con los requisitos de los servicios que ofrecemos de la mejor manera posible, para garantizar que usted pueda acceder a estos servicios y beneficiarse de ellos al m\u00e1ximo nivel, para poder desarrollar nuestros servicios de acuerdo con sus necesidades y para reunirlo con proveedores de servicios m\u00e1s completos dentro de los marcos legales y para cumplir con las obligaciones derivadas de la ley (los datos personales pueden ser compartidos con autoridades judiciales y administrativas previa solicitud). ser\u00e1n tratados y actualizados de acuerdo con su finalidad y de forma mesurada durante todo el contrato y periodo de servicio, con el fin de cumplir con los<\/p>\r\n<p><strong>\u00bfA qui\u00e9n y con qu\u00e9 fines se pueden transferir los datos personales recopilados?<\/strong><\/p>\r\n<p>Sus datos personales que comparte con nosotros; Puede ser transferido a terceros, instituciones y organizaciones nacionales y extranjeras de las cuales recibimos y\/o brindamos servicios para llevar a cabo nuestras actividades, con quienes tenemos relaciones contractuales y cooperamos, y a autoridades judiciales y administrativas previa solicitud, siempre que el se toman las medidas t\u00e9cnicas y administrativas necesarias.<\/p>\r\n<p><strong>Sus derechos como persona cuyos datos personales se procesan<\/strong><\/p>\r\n<p>De conformidad con el art\u00edculo 11 de la KVKK, cualquier persona puede ejercer los siguientes derechos dirigi\u00e9ndose al responsable del tratamiento:<\/p>\r\n<p>Saber si se procesan o no datos personales,<\/p>\r\n<p>Solicitar informaci\u00f3n si se han tratado datos personales,<\/p>\r\n<p>Conocer el prop\u00f3sito del procesamiento de datos personales y si se utilizan para el fin previsto,<\/p>\r\n<p>Conocer a los terceros a quienes se transfieren datos personales en el pa\u00eds o en el extranjero,<\/p>\r\n<p>Solicitar la correcci\u00f3n de datos personales si est\u00e1n incompletos o procesados incorrectamente,<\/p>\r\n<p>Solicitar la supresi\u00f3n o destrucci\u00f3n de datos personales,<\/p>\r\n<p>Solicitar que las transacciones realizadas de conformidad con los p\u00e1rrafos (e) y (f) sean notificadas a los terceros a quienes se transfieren datos personales,<\/p>\r\n<p>Oponi\u00e9ndose a la aparici\u00f3n de un resultado desfavorable para el individuo mediante el an\u00e1lisis de los datos procesados exclusivamente a trav\u00e9s de sistemas autom\u00e1ticos,<\/p>\r\n<p>En caso de da\u00f1o debido al tratamiento il\u00edcito de datos personales, tienen derecho a exigir una indemnizaci\u00f3n por el da\u00f1o.<\/p>\r\n<p>Puede contactarnos a trav\u00e9s de info@mekaotomotiv.com.tr para ejercer los derechos enumerados anteriormente.<\/p>\r\n<p><strong>Contacto<\/strong><\/p>\r\n<p>Usted es completamente libre de aceptar o rechazar el procesamiento \u00fanicamente de sus datos personales necesarios de acuerdo con esta pol\u00edtica de privacidad y procesamiento de datos personales para realizar an\u00e1lisis para brindarle el servicio. Si contin\u00faa utilizando el sitio, asumiremos que lo ha aceptado. Para obtener informaci\u00f3n m\u00e1s detallada, no dude en ponerse en contacto con nosotros en la direcci\u00f3n de correo electr\u00f3nico info@mekaotomotiv.com.tr.<\/p>","protected":false},"excerpt":{"rendered":"<p>Son g\u00fcncellenme: 30\/11\/2023 G\u00fcvenli\u011finiz bizim i\u00e7in \u00f6nemli. Bu sebeple bizimle payla\u015faca\u011f\u0131n\u0131z ki\u015fisel verileriz hassasiyetle korunmaktad\u0131r. Biz, Meka Otomotiv Yedek Par\u00e7a San. ve Tic. Ltd. \u015eti., veri sorumlusu olarak, bu gizlilik ve ki\u015fisel verilerin korunmas\u0131 politikas\u0131 ile, hangi ki\u015fisel verilerinizin hangi ama\u00e7la i\u015flenece\u011fi, i\u015flenen verilerin kimlerle ve neden payla\u015f\u0131labilece\u011fi, veri i\u015fleme y\u00f6ntemimiz ve hukuki sebeplerimiz ile;&#8230;<\/p>","protected":false},"author":1,"featured_media":0,"parent":0,"menu_order":0,"comment_status":"closed","ping_status":"open","template":"","meta":{"om_disable_all_campaigns":false,"_monsterinsights_skip_tracking":false,"_monsterinsights_sitenote_active":false,"_monsterinsights_sitenote_note":"","_monsterinsights_sitenote_category":0,"footnotes":""},"class_list":["post-9413","page","type-page","status-publish","hentry"],"aioseo_notices":[],"_links":{"self":[{"href":"https:\/\/www.mekaotomotiv.com.tr\/es\/wp-json\/wp\/v2\/pages\/9413","targetHints":{"allow":["GET"]}}],"collection":[{"href":"https:\/\/www.mekaotomotiv.com.tr\/es\/wp-json\/wp\/v2\/pages"}],"about":[{"href":"https:\/\/www.mekaotomotiv.com.tr\/es\/wp-json\/wp\/v2\/types\/page"}],"author":[{"embeddable":true,"href":"https:\/\/www.mekaotomotiv.com.tr\/es\/wp-json\/wp\/v2\/users\/1"}],"replies":[{"embeddable":true,"href":"https:\/\/www.mekaotomotiv.com.tr\/es\/wp-json\/wp\/v2\/comments?post=9413"}],"version-history":[{"count":1,"href":"https:\/\/www.mekaotomotiv.com.tr\/es\/wp-json\/wp\/v2\/pages\/9413\/revisions"}],"predecessor-version":[{"id":9414,"href":"https:\/\/www.mekaotomotiv.com.tr\/es\/wp-json\/wp\/v2\/pages\/9413\/revisions\/9414"}],"wp:attachment":[{"href":"https:\/\/www.mekaotomotiv.com.tr\/es\/wp-json\/wp\/v2\/media?parent=9413"}],"curies":[{"name":"wp","href":"https:\/\/api.w.org\/{rel}","templated":true}]}}