{"id":9422,"date":"2023-12-13T18:23:44","date_gmt":"2023-12-13T15:23:44","guid":{"rendered":"https:\/\/www.mekaotomotiv.com.tr\/?page_id=9422"},"modified":"2023-12-13T18:25:02","modified_gmt":"2023-12-13T15:25:02","slug":"kvkk-bildirimi","status":"publish","type":"page","link":"https:\/\/www.mekaotomotiv.com.tr\/es\/kvkk-bildirimi\/","title":{"rendered":"Declaraci\u00f3n de Protecci\u00f3n de Datos Personales"},"content":{"rendered":"<p><strong><\/strong><\/p>\r\n<p>Como mekaotomotiv.com.tr, tomamos las precauciones necesarias como Responsable del tratamiento durante los procesos de conservaci\u00f3n, procesamiento y transferencia de sus datos personales de conformidad con el principio de privacidad de la vida privada y la protecci\u00f3n de los derechos y libertades fundamentales de las personas de conformidad con con la legislaci\u00f3n.<\/p>\r\n<p>Hemos preparado nuestro Texto informativo sobre el procesamiento de datos personales (\u201cTexto informativo\u201d) para informar a los interesados \u200b\u200bsobre el procesamiento, almacenamiento y transferencia de sus datos personales en el marco de la Ley de Protecci\u00f3n de Datos Personales (KVKK) y las regulaciones legales. En esta p\u00e1gina podr\u00e1 acceder a nuestra informaci\u00f3n como responsable del tratamiento, la finalidad con la que se tratar\u00e1n los datos personales, a qui\u00e9n y con qu\u00e9 finalidad se pueden transferir, el m\u00e9todo y motivo legal para la recogida de datos personales, y toda la informaci\u00f3n sobre su derechos enumerados en la KVKK.<\/p>\r\n<p>Podemos realizar cambios en el Texto informativo si es necesario. Cualquier cambio ser\u00e1 v\u00e1lido tras su publicaci\u00f3n.<\/p>\r\n<p><strong><\/strong><\/p>","protected":false},"excerpt":{"rendered":"<p>Ki\u015fisel verilerinizi \u00f6zel hayat\u0131n gizlili\u011fi ve ki\u015filerin temel hak ve \u00f6zg\u00fcrl\u00fcklerinin korunmas\u0131 ilkesine uygun olarak muhafazas\u0131, i\u015flenmesi ve mevzuata uygun olarak aktar\u0131m\u0131 a\u015famalar\u0131nda mekaotomotiv.com.tr olarak Veri Sorumlusu s\u0131fat\u0131 ile gerekli \u00f6nlemleri al\u0131yoruz. Ki\u015fisel Verilerin \u0130\u015flenmesi Ayd\u0131nlatma Metnimizi\u00a0(\u201cAyd\u0131nlatma Metni\u201d) Ki\u015fisel Verilerin Korunmas\u0131 Kanunu (KVKK) ve yasal d\u00fczenlemeler \u00e7er\u00e7evesinde ki\u015fisel verilerinizin i\u015flenmesi, saklanmas\u0131 ve aktar\u0131lmas\u0131na ili\u015fkin veri&#8230;<\/p>","protected":false},"author":1,"featured_media":0,"parent":0,"menu_order":0,"comment_status":"closed","ping_status":"open","template":"","meta":{"om_disable_all_campaigns":false,"_monsterinsights_skip_tracking":false,"_monsterinsights_sitenote_active":false,"_monsterinsights_sitenote_note":"","_monsterinsights_sitenote_category":0,"footnotes":""},"class_list":["post-9422","page","type-page","status-publish","hentry"],"aioseo_notices":[],"_links":{"self":[{"href":"https:\/\/www.mekaotomotiv.com.tr\/es\/wp-json\/wp\/v2\/pages\/9422","targetHints":{"allow":["GET"]}}],"collection":[{"href":"https:\/\/www.mekaotomotiv.com.tr\/es\/wp-json\/wp\/v2\/pages"}],"about":[{"href":"https:\/\/www.mekaotomotiv.com.tr\/es\/wp-json\/wp\/v2\/types\/page"}],"author":[{"embeddable":true,"href":"https:\/\/www.mekaotomotiv.com.tr\/es\/wp-json\/wp\/v2\/users\/1"}],"replies":[{"embeddable":true,"href":"https:\/\/www.mekaotomotiv.com.tr\/es\/wp-json\/wp\/v2\/comments?post=9422"}],"version-history":[{"count":2,"href":"https:\/\/www.mekaotomotiv.com.tr\/es\/wp-json\/wp\/v2\/pages\/9422\/revisions"}],"predecessor-version":[{"id":9436,"href":"https:\/\/www.mekaotomotiv.com.tr\/es\/wp-json\/wp\/v2\/pages\/9422\/revisions\/9436"}],"wp:attachment":[{"href":"https:\/\/www.mekaotomotiv.com.tr\/es\/wp-json\/wp\/v2\/media?parent=9422"}],"curies":[{"name":"wp","href":"https:\/\/api.w.org\/{rel}","templated":true}]}}