{"id":10537,"date":"2024-04-23T12:04:16","date_gmt":"2024-04-23T09:04:16","guid":{"rendered":"https:\/\/www.mekaotomotiv.com.tr\/?post_type=product&#038;p=10537"},"modified":"2024-04-23T12:05:21","modified_gmt":"2024-04-23T09:05:21","slug":"3-104082-renault-trucks","status":"publish","type":"product","link":"https:\/\/www.mekaotomotiv.com.tr\/es\/product\/3-104082-renault-trucks\/","title":{"rendered":"3.104082 RENAULT TRUCKS"},"content":{"rendered":"<p>OED NO haricindeki referans numaralar\u0131 ve isimler yaln\u0131zca kar\u015f\u0131la\u015ft\u0131rma ama\u00e7l\u0131d\u0131r.<\/p>\n<p>Reference numbers and names with the exception of OED NO, are only intended for comparison purposes.<\/p>","protected":false},"excerpt":{"rendered":"<p>5000694082<\/p>\n<p>EGZOZ MAN\u0130FOLTU<\/p>\n<p>EXHAUST MANIFOLD<\/p>\n<p>COLECTOR DE ESCAPE<\/p>\n<p>\u0412\u044b\u043f\u0443\u0441\u043a\u043d\u043e\u0439 \u043a\u043e\u043b\u043b\u0435\u043a\u0442\u043e\u0440<\/p>","protected":false},"featured_media":10538,"template":"","meta":{"om_disable_all_campaigns":false,"_monsterinsights_skip_tracking":false,"_monsterinsights_sitenote_active":false,"_monsterinsights_sitenote_note":"","_monsterinsights_sitenote_category":0},"product_cat":[69,83],"product_tag":[],"class_list":["post-10537","product","type-product","status-publish","has-post-thumbnail","hentry","product_cat-motor","product_cat-rvi"],"aioseo_notices":[],"_links":{"self":[{"href":"https:\/\/www.mekaotomotiv.com.tr\/es\/wp-json\/wp\/v2\/product\/10537","targetHints":{"allow":["GET"]}}],"collection":[{"href":"https:\/\/www.mekaotomotiv.com.tr\/es\/wp-json\/wp\/v2\/product"}],"about":[{"href":"https:\/\/www.mekaotomotiv.com.tr\/es\/wp-json\/wp\/v2\/types\/product"}],"wp:featuredmedia":[{"embeddable":true,"href":"https:\/\/www.mekaotomotiv.com.tr\/es\/wp-json\/wp\/v2\/media\/10538"}],"wp:attachment":[{"href":"https:\/\/www.mekaotomotiv.com.tr\/es\/wp-json\/wp\/v2\/media?parent=10537"}],"wp:term":[{"taxonomy":"product_cat","embeddable":true,"href":"https:\/\/www.mekaotomotiv.com.tr\/es\/wp-json\/wp\/v2\/product_cat?post=10537"},{"taxonomy":"product_tag","embeddable":true,"href":"https:\/\/www.mekaotomotiv.com.tr\/es\/wp-json\/wp\/v2\/product_tag?post=10537"}],"curies":[{"name":"wp","href":"https:\/\/api.w.org\/{rel}","templated":true}]}}