{"id":10589,"date":"2024-04-23T13:32:06","date_gmt":"2024-04-23T10:32:06","guid":{"rendered":"https:\/\/www.mekaotomotiv.com.tr\/?post_type=product&#038;p=10589"},"modified":"2024-04-23T13:36:30","modified_gmt":"2024-04-23T10:36:30","slug":"1-206752-scania","status":"publish","type":"product","link":"https:\/\/www.mekaotomotiv.com.tr\/es\/product\/1-206752-scania\/","title":{"rendered":"1.206752 SCANIA"},"content":{"rendered":"<p>OED NO haricindeki referans numaralar\u0131 ve isimler yaln\u0131zca kar\u015f\u0131la\u015ft\u0131rma ama\u00e7l\u0131d\u0131r.<\/p>\n<p>Reference numbers and names with the exception of OED NO, are only intended for comparison purposes.<\/p>","protected":false},"excerpt":{"rendered":"<p>1353072 | 1508533 | 1896752 | 570951 | 570955 | 570962<\/p>\n<p>DEV\u0130RDA\u0130M<\/p>\n<p>WATER PUMP<\/p>\n<p>BOMBA DE AGUA<\/p>\n<p>\u0412\u043e\u0434\u044f\u043d\u043e\u0439 \u043d\u0430\u0441\u043e\u0441<\/p>","protected":false},"featured_media":10590,"template":"","meta":{"om_disable_all_campaigns":false,"_monsterinsights_skip_tracking":false,"_monsterinsights_sitenote_active":false,"_monsterinsights_sitenote_note":"","_monsterinsights_sitenote_category":0},"product_cat":[15,78],"product_tag":[],"class_list":["post-10589","product","type-product","status-publish","has-post-thumbnail","hentry","product_cat-scania","product_cat-sogutma-sistemi"],"aioseo_notices":[],"_links":{"self":[{"href":"https:\/\/www.mekaotomotiv.com.tr\/es\/wp-json\/wp\/v2\/product\/10589","targetHints":{"allow":["GET"]}}],"collection":[{"href":"https:\/\/www.mekaotomotiv.com.tr\/es\/wp-json\/wp\/v2\/product"}],"about":[{"href":"https:\/\/www.mekaotomotiv.com.tr\/es\/wp-json\/wp\/v2\/types\/product"}],"wp:featuredmedia":[{"embeddable":true,"href":"https:\/\/www.mekaotomotiv.com.tr\/es\/wp-json\/wp\/v2\/media\/10590"}],"wp:attachment":[{"href":"https:\/\/www.mekaotomotiv.com.tr\/es\/wp-json\/wp\/v2\/media?parent=10589"}],"wp:term":[{"taxonomy":"product_cat","embeddable":true,"href":"https:\/\/www.mekaotomotiv.com.tr\/es\/wp-json\/wp\/v2\/product_cat?post=10589"},{"taxonomy":"product_tag","embeddable":true,"href":"https:\/\/www.mekaotomotiv.com.tr\/es\/wp-json\/wp\/v2\/product_tag?post=10589"}],"curies":[{"name":"wp","href":"https:\/\/api.w.org\/{rel}","templated":true}]}}