{"id":10969,"date":"2024-04-26T17:19:22","date_gmt":"2024-04-26T14:19:22","guid":{"rendered":"https:\/\/www.mekaotomotiv.com.tr\/?post_type=product&#038;p=10969"},"modified":"2024-04-26T17:24:07","modified_gmt":"2024-04-26T14:24:07","slug":"6-116279-man-setra","status":"publish","type":"product","link":"https:\/\/www.mekaotomotiv.com.tr\/es\/product\/6-116279-man-setra\/","title":{"rendered":"6.116279 MAN"},"content":{"rendered":"<p>OED NO haricindeki referans numaralar\u0131 ve isimler yaln\u0131zca kar\u015f\u0131la\u015ft\u0131rma ama\u00e7l\u0131d\u0131r.<\/p>\n<p>Reference numbers and names with the exception of OED NO, are only intended for comparison purposes.<\/p>","protected":false},"excerpt":{"rendered":"<p>51.05100.6150 | 51051006150 | 51.05100.6279 | 51051006279<\/p>\n<p>YA\u011e POMPASI<\/p>\n<p>OIL PUMP<\/p>\n<p>BOMBA DE ACEITE<\/p>\n<p>\u041c\u0430\u0441\u043b\u044f\u043d\u044b\u0439 \u043d\u0430\u0441\u043e\u0441<\/p>","protected":false},"featured_media":10970,"template":"","meta":{"om_disable_all_campaigns":false,"_monsterinsights_skip_tracking":false,"_monsterinsights_sitenote_active":false,"_monsterinsights_sitenote_note":"","_monsterinsights_sitenote_category":0},"product_cat":[49,69],"product_tag":[],"class_list":["post-10969","product","type-product","status-publish","has-post-thumbnail","hentry","product_cat-man","product_cat-motor"],"aioseo_notices":[],"_links":{"self":[{"href":"https:\/\/www.mekaotomotiv.com.tr\/es\/wp-json\/wp\/v2\/product\/10969","targetHints":{"allow":["GET"]}}],"collection":[{"href":"https:\/\/www.mekaotomotiv.com.tr\/es\/wp-json\/wp\/v2\/product"}],"about":[{"href":"https:\/\/www.mekaotomotiv.com.tr\/es\/wp-json\/wp\/v2\/types\/product"}],"wp:featuredmedia":[{"embeddable":true,"href":"https:\/\/www.mekaotomotiv.com.tr\/es\/wp-json\/wp\/v2\/media\/10970"}],"wp:attachment":[{"href":"https:\/\/www.mekaotomotiv.com.tr\/es\/wp-json\/wp\/v2\/media?parent=10969"}],"wp:term":[{"taxonomy":"product_cat","embeddable":true,"href":"https:\/\/www.mekaotomotiv.com.tr\/es\/wp-json\/wp\/v2\/product_cat?post=10969"},{"taxonomy":"product_tag","embeddable":true,"href":"https:\/\/www.mekaotomotiv.com.tr\/es\/wp-json\/wp\/v2\/product_tag?post=10969"}],"curies":[{"name":"wp","href":"https:\/\/api.w.org\/{rel}","templated":true}]}}