{"id":11058,"date":"2024-04-30T21:25:21","date_gmt":"2024-04-30T18:25:21","guid":{"rendered":"https:\/\/www.mekaotomotiv.com.tr\/?post_type=product&#038;p=11058"},"modified":"2024-04-30T21:27:04","modified_gmt":"2024-04-30T18:27:04","slug":"2-408451-volvo-trucks","status":"publish","type":"product","link":"https:\/\/www.mekaotomotiv.com.tr\/es\/product\/2-408451-volvo-trucks\/","title":{"rendered":"2.408451 VOLVO TRUCKS"},"content":{"rendered":"<p>OED NO haricindeki referans numaralar\u0131 ve isimler yaln\u0131zca kar\u015f\u0131la\u015ft\u0131rma ama\u00e7l\u0131d\u0131r.<\/p>\n<p>Reference numbers and names with the exception of OED NO, are only intended for comparison purposes.<\/p>","protected":false},"excerpt":{"rendered":"<p>8148451 | 3964811 | 3165969<\/p>\n<p>MAZOT POMPA KAR\u015eILI\u011eI<\/p>\n<p>DRIVING UNIT<\/p>\n<p>UNIDAD DE ACCIONAMIENTO<\/p>\n<p>\u041f\u0440\u0438\u0432\u043e\u0434\u043d\u043e\u0439 \u043c\u0435\u0445\u0430\u043d\u0438\u0437\u043c<\/p>","protected":false},"featured_media":11059,"template":"","meta":{"om_disable_all_campaigns":false,"_monsterinsights_skip_tracking":false,"_monsterinsights_sitenote_active":false,"_monsterinsights_sitenote_note":"","_monsterinsights_sitenote_category":0},"product_cat":[29,82],"product_tag":[],"class_list":["post-11058","product","type-product","status-publish","has-post-thumbnail","hentry","product_cat-volvo","product_cat-yakit-sistemi"],"aioseo_notices":[],"_links":{"self":[{"href":"https:\/\/www.mekaotomotiv.com.tr\/es\/wp-json\/wp\/v2\/product\/11058","targetHints":{"allow":["GET"]}}],"collection":[{"href":"https:\/\/www.mekaotomotiv.com.tr\/es\/wp-json\/wp\/v2\/product"}],"about":[{"href":"https:\/\/www.mekaotomotiv.com.tr\/es\/wp-json\/wp\/v2\/types\/product"}],"wp:featuredmedia":[{"embeddable":true,"href":"https:\/\/www.mekaotomotiv.com.tr\/es\/wp-json\/wp\/v2\/media\/11059"}],"wp:attachment":[{"href":"https:\/\/www.mekaotomotiv.com.tr\/es\/wp-json\/wp\/v2\/media?parent=11058"}],"wp:term":[{"taxonomy":"product_cat","embeddable":true,"href":"https:\/\/www.mekaotomotiv.com.tr\/es\/wp-json\/wp\/v2\/product_cat?post=11058"},{"taxonomy":"product_tag","embeddable":true,"href":"https:\/\/www.mekaotomotiv.com.tr\/es\/wp-json\/wp\/v2\/product_tag?post=11058"}],"curies":[{"name":"wp","href":"https:\/\/api.w.org\/{rel}","templated":true}]}}