{"id":11106,"date":"2024-05-01T12:05:45","date_gmt":"2024-05-01T09:05:45","guid":{"rendered":"https:\/\/www.mekaotomotiv.com.tr\/?post_type=product&#038;p=11106"},"modified":"2024-05-01T12:07:51","modified_gmt":"2024-05-01T09:07:51","slug":"5-400801-mercedes-benz-detroit-diesel","status":"publish","type":"product","link":"https:\/\/www.mekaotomotiv.com.tr\/es\/product\/5-400801-mercedes-benz-detroit-diesel\/","title":{"rendered":"5.400801 MERCEDES BENZ | DETROIT DIESEL"},"content":{"rendered":"<p>OED NO haricindeki referans numaralar\u0131 ve isimler yaln\u0131zca kar\u015f\u0131la\u015ft\u0131rma ama\u00e7l\u0131d\u0131r.<\/p>\n<p>Reference numbers and names with the exception of OED NO, are only intended for comparison purposes.<\/p>","protected":false},"excerpt":{"rendered":"<p>40910801 | 0040911101<\/p>\n<p>MAZOT POMPASI<\/p>\n<p>FEED PUMP<\/p>\n<p>BOMBA DE ALIMENTACI\u00d3N<\/p>\n<p>\u041f\u043e\u0434\u043a\u0430\u0447\u0438\u0432\u0430\u044e\u0449\u0438\u0439 \u043d\u0430\u0441\u043e\u0441<\/p>","protected":false},"featured_media":11107,"template":"","meta":{"om_disable_all_campaigns":false,"_monsterinsights_skip_tracking":false,"_monsterinsights_sitenote_active":false,"_monsterinsights_sitenote_note":"","_monsterinsights_sitenote_category":0},"product_cat":[62,82],"product_tag":[],"class_list":["post-11106","product","type-product","status-publish","has-post-thumbnail","hentry","product_cat-mercedes","product_cat-yakit-sistemi"],"aioseo_notices":[],"_links":{"self":[{"href":"https:\/\/www.mekaotomotiv.com.tr\/es\/wp-json\/wp\/v2\/product\/11106","targetHints":{"allow":["GET"]}}],"collection":[{"href":"https:\/\/www.mekaotomotiv.com.tr\/es\/wp-json\/wp\/v2\/product"}],"about":[{"href":"https:\/\/www.mekaotomotiv.com.tr\/es\/wp-json\/wp\/v2\/types\/product"}],"wp:featuredmedia":[{"embeddable":true,"href":"https:\/\/www.mekaotomotiv.com.tr\/es\/wp-json\/wp\/v2\/media\/11107"}],"wp:attachment":[{"href":"https:\/\/www.mekaotomotiv.com.tr\/es\/wp-json\/wp\/v2\/media?parent=11106"}],"wp:term":[{"taxonomy":"product_cat","embeddable":true,"href":"https:\/\/www.mekaotomotiv.com.tr\/es\/wp-json\/wp\/v2\/product_cat?post=11106"},{"taxonomy":"product_tag","embeddable":true,"href":"https:\/\/www.mekaotomotiv.com.tr\/es\/wp-json\/wp\/v2\/product_tag?post=11106"}],"curies":[{"name":"wp","href":"https:\/\/api.w.org\/{rel}","templated":true}]}}