{"id":9409,"date":"2023-12-13T18:15:26","date_gmt":"2023-12-13T15:15:26","guid":{"rendered":"https:\/\/www.mekaotomotiv.com.tr\/?page_id=9409"},"modified":"2023-12-13T18:16:32","modified_gmt":"2023-12-13T15:16:32","slug":"cerez-politikasi","status":"publish","type":"page","link":"https:\/\/www.mekaotomotiv.com.tr\/ru\/cerez-politikasi\/","title":{"rendered":"\u041f\u043e\u043b\u0438\u0442\u0438\u043a\u0430 \u0438\u0441\u043f\u043e\u043b\u044c\u0437\u043e\u0432\u0430\u043d\u0438\u044f cookie-\u0444\u0430\u0439\u043b\u043e\u0432"},"content":{"rendered":"<p>\u041f\u043e\u0441\u043b\u0435\u0434\u043d\u0435\u0435 \u043e\u0431\u043d\u043e\u0432\u043b\u0435\u043d\u0438\u0435: 30.11.2023.<\/p>\r\n<p>\u041c\u044b, Meka Otomotiv Yedek Par\u00e7a San. \u0438 \u0422\u0438\u043a. \u041e\u041e\u041e \u041a\u0430\u043a \u015eti., \u043c\u044b \u0437\u0430\u0431\u043e\u0442\u0438\u043c\u0441\u044f \u043e \u0432\u0430\u0448\u0435\u0439 \u0431\u0435\u0437\u043e\u043f\u0430\u0441\u043d\u043e\u0441\u0442\u0438, \u0438 \u0441 \u043f\u043e\u043c\u043e\u0449\u044c\u044e \u044d\u0442\u043e\u0439 \u041f\u043e\u043b\u0438\u0442\u0438\u043a\u0438 \u0438\u0441\u043f\u043e\u043b\u044c\u0437\u043e\u0432\u0430\u043d\u0438\u044f \u0444\u0430\u0439\u043b\u043e\u0432 cookie \u043c\u044b \u0441\u0442\u0440\u0435\u043c\u0438\u043c\u0441\u044f \u043a\u0440\u0430\u0442\u043a\u043e \u043f\u0440\u043e\u0438\u043d\u0444\u043e\u0440\u043c\u0438\u0440\u043e\u0432\u0430\u0442\u044c \u0432\u0430\u0441, \u043d\u0430\u0448\u0438 \u0434\u043e\u0440\u043e\u0433\u0438\u0435 \u043f\u043e\u0441\u0435\u0442\u0438\u0442\u0435\u043b\u0438, \u043e \u0442\u043e\u043c, \u043a\u0430\u043a\u0438\u0435 \u0444\u0430\u0439\u043b\u044b cookie \u043c\u044b \u0438\u0441\u043f\u043e\u043b\u044c\u0437\u0443\u0435\u043c \u043d\u0430 \u043d\u0430\u0448\u0435\u043c \u0432\u0435\u0431-\u0441\u0430\u0439\u0442\u0435, \u0441 \u043a\u0430\u043a\u043e\u0439 \u0446\u0435\u043b\u044c\u044e \u0438 \u043a\u0430\u043a \u0438\u0437\u043c\u0435\u043d\u0438\u0442\u044c \u043d\u0430\u0441\u0442\u0440\u043e\u0439\u043a\u0438 \u0444\u0430\u0439\u043b\u043e\u0432 cookie.<\/p>\r\n<p>\u0427\u0442\u043e\u0431\u044b \u043b\u0443\u0447\u0448\u0435 \u0441\u043b\u0443\u0436\u0438\u0442\u044c \u0432\u0430\u043c, \u043f\u0440\u043e\u0447\u0442\u0438\u0442\u0435 \u043d\u0430\u0441\u0442\u043e\u044f\u0449\u0443\u044e \u041f\u043e\u043b\u0438\u0442\u0438\u043a\u0443 \u0438\u0441\u043f\u043e\u043b\u044c\u0437\u043e\u0432\u0430\u043d\u0438\u044f \u0444\u0430\u0439\u043b\u043e\u0432 cookie, \u0447\u0442\u043e\u0431\u044b \u043f\u043e\u043b\u0443\u0447\u0438\u0442\u044c \u043a\u0440\u0430\u0442\u043a\u0443\u044e \u0438\u043d\u0444\u043e\u0440\u043c\u0430\u0446\u0438\u044e \u043e \u0442\u043e\u043c, \u043a\u0430\u043a\u0438\u0435 \u043f\u0435\u0440\u0441\u043e\u043d\u0430\u043b\u044c\u043d\u044b\u0435 \u0434\u0430\u043d\u043d\u044b\u0435 \u0441\u043e\u0431\u0438\u0440\u0430\u044e\u0442\u0441\u044f \u0441 \u043f\u043e\u043c\u043e\u0449\u044c\u044e \u0444\u0430\u0439\u043b\u043e\u0432 cookie, \u0441 \u043a\u0430\u043a\u043e\u0439 \u0446\u0435\u043b\u044c\u044e \u0438 \u043a\u0430\u043a \u043e\u043d\u0438 \u043e\u0431\u0440\u0430\u0431\u0430\u0442\u044b\u0432\u0430\u044e\u0442\u0441\u044f. \u0414\u043b\u044f \u043f\u043e\u043b\u0443\u0447\u0435\u043d\u0438\u044f \u0434\u043e\u043f\u043e\u043b\u043d\u0438\u0442\u0435\u043b\u044c\u043d\u043e\u0439 \u0438\u043d\u0444\u043e\u0440\u043c\u0430\u0446\u0438\u0438 \u0432\u044b \u043c\u043e\u0436\u0435\u0442\u0435 \u043e\u0437\u043d\u0430\u043a\u043e\u043c\u0438\u0442\u044c\u0441\u044f \u0441 \u043d\u0430\u0448\u0435\u0439 \u041f\u043e\u043b\u0438\u0442\u0438\u043a\u043e\u0439 \u043a\u043e\u043d\u0444\u0438\u0434\u0435\u043d\u0446\u0438\u0430\u043b\u044c\u043d\u043e\u0441\u0442\u0438 \u0438\u043b\u0438 \u0431\u0435\u0437 \u043a\u043e\u043b\u0435\u0431\u0430\u043d\u0438\u0439 \u0441\u0432\u044f\u0437\u0430\u0442\u044c\u0441\u044f \u0441 \u043d\u0430\u043c\u0438.<\/p>\r\n<p><strong>\u0427\u0442\u043e \u0442\u0430\u043a\u043e\u0435 \u0444\u0430\u0439\u043b cookie?<\/strong><\/p>\r\n<p>\u0424\u0430\u0439\u043b\u044b cookie \u2014 \u044d\u0442\u043e \u043d\u0435\u0431\u043e\u043b\u044c\u0448\u0438\u0435 \u0444\u0430\u0439\u043b\u044b, \u0441\u043e\u0445\u0440\u0430\u043d\u044f\u0435\u043c\u044b\u0435 \u043d\u0430 \u0443\u0441\u0442\u0440\u043e\u0439\u0441\u0442\u0432\u0430\u0445 \u043f\u043e\u043b\u044c\u0437\u043e\u0432\u0430\u0442\u0435\u043b\u0435\u0439, \u0447\u0442\u043e\u0431\u044b \u043e\u043d\u0438 \u043c\u043e\u0433\u043b\u0438 \u0431\u043e\u043b\u0435\u0435 \u044d\u0444\u0444\u0435\u043a\u0442\u0438\u0432\u043d\u043e \u0438\u0441\u043f\u043e\u043b\u044c\u0437\u043e\u0432\u0430\u0442\u044c \u0432\u0435\u0431-\u0441\u0430\u0439\u0442\u044b. \u041f\u043e\u0441\u043a\u043e\u043b\u044c\u043a\u0443 \u0438\u043d\u0444\u043e\u0440\u043c\u0430\u0446\u0438\u044f \u043f\u043e\u043b\u044c\u0437\u043e\u0432\u0430\u0442\u0435\u043b\u0435\u0439 \u043e\u0431\u0440\u0430\u0431\u0430\u0442\u044b\u0432\u0430\u0435\u0442\u0441\u044f \u0441 \u043f\u043e\u043c\u043e\u0449\u044c\u044e \u0444\u0430\u0439\u043b\u043e\u0432 cookie, \u043f\u043e\u043b\u044c\u0437\u043e\u0432\u0430\u0442\u0435\u043b\u0438 \u0434\u043e\u043b\u0436\u043d\u044b \u0431\u044b\u0442\u044c \u043f\u0440\u043e\u0438\u043d\u0444\u043e\u0440\u043c\u0438\u0440\u043e\u0432\u0430\u043d\u044b \u0438 \u043f\u043e\u043b\u0443\u0447\u0438\u0442\u044c \u0438\u0445 \u0441\u043e\u0433\u043b\u0430\u0441\u0438\u0435 \u0432 \u0441\u043e\u043e\u0442\u0432\u0435\u0442\u0441\u0442\u0432\u0438\u0438 \u0441 \u0417\u0430\u043a\u043e\u043d\u043e\u043c \u043e \u0437\u0430\u0449\u0438\u0442\u0435 \u043f\u0435\u0440\u0441\u043e\u043d\u0430\u043b\u044c\u043d\u044b\u0445 \u0434\u0430\u043d\u043d\u044b\u0445 \u2116 6698.<\/p>\r\n<p>\u041c\u044b \u0438\u0441\u043f\u043e\u043b\u044c\u0437\u0443\u0435\u043c \u0440\u0430\u0437\u043b\u0438\u0447\u043d\u044b\u0435 \u0444\u0430\u0439\u043b\u044b cookie, \u0447\u0442\u043e\u0431\u044b \u0432\u044b, \u043d\u0430\u0448\u0438 \u0434\u043e\u0440\u043e\u0433\u0438\u0435 \u043f\u043e\u0441\u0435\u0442\u0438\u0442\u0435\u043b\u0438, \u043c\u043e\u0433\u043b\u0438 \u043c\u0430\u043a\u0441\u0438\u043c\u0430\u043b\u044c\u043d\u043e \u044d\u0444\u0444\u0435\u043a\u0442\u0438\u0432\u043d\u043e \u0438\u0441\u043f\u043e\u043b\u044c\u0437\u043e\u0432\u0430\u0442\u044c \u043d\u0430\u0448 \u0432\u0435\u0431-\u0441\u0430\u0439\u0442 \u0438 \u0443\u043b\u0443\u0447\u0448\u0438\u0442\u044c \u043f\u043e\u043b\u044c\u0437\u043e\u0432\u0430\u0442\u0435\u043b\u044c\u0441\u043a\u0438\u0439 \u043e\u043f\u044b\u0442 \u043d\u0430\u0448\u0438\u0445 \u0434\u043e\u0440\u043e\u0433\u0438\u0445 \u043f\u043e\u0441\u0435\u0442\u0438\u0442\u0435\u043b\u0435\u0439.<\/p>\r\n<ol>\r\n<li><strong>\u041e\u0431\u044f\u0437\u0430\u0442\u0435\u043b\u044c\u043d\u044b\u0435 \u0444\u0430\u0439\u043b\u044b cookie<\/strong><\/li>\r\n<\/ol>\r\n<p>\u041e\u0431\u044f\u0437\u0430\u0442\u0435\u043b\u044c\u043d\u044b\u0435 \u0444\u0430\u0439\u043b\u044b cookie \u2014 \u044d\u0442\u043e \u0444\u0430\u0439\u043b\u044b cookie, \u043a\u043e\u0442\u043e\u0440\u044b\u0435 \u0434\u0435\u043b\u0430\u044e\u0442 \u0432\u0435\u0431-\u0441\u0430\u0439\u0442 \u0443\u0434\u043e\u0431\u043d\u044b\u043c \u0434\u043b\u044f \u0438\u0441\u043f\u043e\u043b\u044c\u0437\u043e\u0432\u0430\u043d\u0438\u044f \u043f\u0443\u0442\u0435\u043c \u0432\u043a\u043b\u044e\u0447\u0435\u043d\u0438\u044f \u043e\u0441\u043d\u043e\u0432\u043d\u044b\u0445 \u0444\u0443\u043d\u043a\u0446\u0438\u0439 \u0432\u0435\u0431-\u0441\u0430\u0439\u0442\u0430. \u0411\u0435\u0437 \u044d\u0442\u0438\u0445 \u0444\u0430\u0439\u043b\u043e\u0432 cookie \u0432\u0435\u0431-\u0441\u0430\u0439\u0442 \u043d\u0435 \u0431\u0443\u0434\u0435\u0442 \u0440\u0430\u0431\u043e\u0442\u0430\u0442\u044c \u0434\u043e\u043b\u0436\u043d\u044b\u043c \u043e\u0431\u0440\u0430\u0437\u043e\u043c.<\/p>\r\n<ol start=\"2\">\r\n<li><strong>\u0424\u0430\u0439\u043b\u044b cookie \u043f\u0440\u043e\u0438\u0437\u0432\u043e\u0434\u0438\u0442\u0435\u043b\u044c\u043d\u043e\u0441\u0442\u0438<\/strong><\/li>\r\n<\/ol>\r\n<p>\u0424\u0430\u0439\u043b\u044b cookie \u043f\u0440\u043e\u0438\u0437\u0432\u043e\u0434\u0438\u0442\u0435\u043b\u044c\u043d\u043e\u0441\u0442\u0438 \u2014 \u044d\u0442\u043e \u0444\u0430\u0439\u043b\u044b cookie, \u043a\u043e\u0442\u043e\u0440\u044b\u0435 \u0430\u043d\u043e\u043d\u0438\u043c\u043d\u043e \u0441\u043e\u0431\u0438\u0440\u0430\u044e\u0442 \u0438\u043d\u0444\u043e\u0440\u043c\u0430\u0446\u0438\u044e \u043e\u0431 \u0438\u0441\u043f\u043e\u043b\u044c\u0437\u043e\u0432\u0430\u043d\u0438\u0438 \u0438 \u043f\u0440\u0435\u0434\u043f\u043e\u0447\u0442\u0435\u043d\u0438\u044f\u0445 \u043f\u043e\u0441\u0435\u0442\u0438\u0442\u0435\u043b\u0435\u0439 \u0432\u0435\u0431-\u0441\u0430\u0439\u0442\u0430 \u0438, \u0442\u0430\u043a\u0438\u043c \u043e\u0431\u0440\u0430\u0437\u043e\u043c, \u043f\u043e\u0437\u0432\u043e\u043b\u044f\u044e\u0442 \u0443\u043b\u0443\u0447\u0448\u0438\u0442\u044c \u043f\u0440\u043e\u0438\u0437\u0432\u043e\u0434\u0438\u0442\u0435\u043b\u044c\u043d\u043e\u0441\u0442\u044c \u0432\u0435\u0431-\u0441\u0430\u0439\u0442\u0430.<\/p>\r\n<ol start=\"3\">\r\n<li><strong>\u0424\u0443\u043d\u043a\u0446\u0438\u043e\u043d\u0430\u043b\u044c\u043d\u044b\u0435 \u0444\u0430\u0439\u043b\u044b cookie<\/strong><\/li>\r\n<\/ol>\r\n<p>\u0424\u0443\u043d\u043a\u0446\u0438\u043e\u043d\u0430\u043b\u044c\u043d\u044b\u0435 \u0444\u0430\u0439\u043b\u044b cookie \u043f\u043e\u0437\u0432\u043e\u043b\u044f\u044e\u0442 \u0443\u0437\u043d\u0430\u0432\u0430\u0442\u044c \u0438 \u0437\u0430\u043f\u043e\u043c\u0438\u043d\u0430\u0442\u044c \u043f\u043e\u043b\u044c\u0437\u043e\u0432\u0430\u0442\u0435\u043b\u0435\u0439 \u043f\u0440\u0438 \u0438\u0445 \u0431\u0443\u0434\u0443\u0449\u0438\u0445 \u043f\u043e\u0441\u0435\u0449\u0435\u043d\u0438\u044f\u0445 \u043d\u0430 \u043e\u0441\u043d\u043e\u0432\u0435 \u0438\u0445 \u043f\u0440\u043e\u0448\u043b\u043e\u0433\u043e \u0438\u0441\u043f\u043e\u043b\u044c\u0437\u043e\u0432\u0430\u043d\u0438\u044f \u0432\u0435\u0431-\u0441\u0430\u0439\u0442\u0430 \u0438, \u0442\u0430\u043a\u0438\u043c \u043e\u0431\u0440\u0430\u0437\u043e\u043c, \u043f\u043e\u0437\u0432\u043e\u043b\u044f\u044e\u0442 \u0432\u0435\u0431-\u0441\u0430\u0439\u0442\u0430\u043c \u0440\u0430\u0437\u043b\u0438\u0447\u0430\u0442\u044c \u044f\u0437\u044b\u043a, \u0440\u0435\u0433\u0438\u043e\u043d \u0438 \u0442. \u0434. \u043f\u043e\u043b\u044c\u0437\u043e\u0432\u0430\u0442\u0435\u043b\u0435\u0439. \u042d\u0442\u043e \u0444\u0430\u0439\u043b\u044b cookie, \u043a\u043e\u0442\u043e\u0440\u044b\u0435 \u043f\u043e\u0437\u0432\u043e\u043b\u044f\u044e\u0442 \u043d\u0430\u043c \u043f\u0440\u0435\u0434\u043e\u0441\u0442\u0430\u0432\u043b\u044f\u0442\u044c \u043f\u0435\u0440\u0441\u043e\u043d\u0430\u043b\u0438\u0437\u0438\u0440\u043e\u0432\u0430\u043d\u043d\u044b\u0435 \u0443\u0441\u043b\u0443\u0433\u0438, \u043d\u0430\u043f\u0440\u0438\u043c\u0435\u0440.<\/p>\r\n<ol start=\"4\">\r\n<li><strong>\u0420\u0435\u043a\u043b\u0430\u043c\u043d\u044b\u0435 \u0444\u0430\u0439\u043b\u044b cookie<\/strong><\/li>\r\n<\/ol>\r\n<p>\u0420\u0435\u043a\u043b\u0430\u043c\u043d\u044b\u0435 \u0444\u0430\u0439\u043b\u044b cookie \u044f\u0432\u043b\u044f\u044e\u0442\u0441\u044f \u0441\u0442\u043e\u0440\u043e\u043d\u043d\u0438\u043c\u0438 \u0444\u0430\u0439\u043b\u0430\u043c\u0438 cookie \u0438 \u0438\u0441\u043f\u043e\u043b\u044c\u0437\u0443\u044e\u0442\u0441\u044f \u0434\u043b\u044f \u043e\u0442\u0441\u043b\u0435\u0436\u0438\u0432\u0430\u043d\u0438\u044f \u043f\u043e\u0432\u0435\u0434\u0435\u043d\u0438\u044f \u043f\u043e\u0441\u0435\u0442\u0438\u0442\u0435\u043b\u0435\u0439 \u043d\u0430 \u0432\u0435\u0431-\u0441\u0430\u0439\u0442\u0430\u0445. \u0426\u0435\u043b\u044c \u044d\u0442\u0438\u0445 \u0444\u0430\u0439\u043b\u043e\u0432 cookie \u2014 \u043f\u043e\u043c\u043e\u0447\u044c \u043e\u0442\u043e\u0431\u0440\u0430\u0436\u0430\u0442\u044c \u0440\u0435\u043a\u043b\u0430\u043c\u0443, \u043a\u043e\u0442\u043e\u0440\u0430\u044f \u0431\u0443\u0434\u0435\u0442 \u0438\u043d\u0442\u0435\u0440\u0435\u0441\u043d\u0430 \u043f\u043e\u0441\u0435\u0442\u0438\u0442\u0435\u043b\u044f\u043c \u0432 \u0437\u0430\u0432\u0438\u0441\u0438\u043c\u043e\u0441\u0442\u0438 \u043e\u0442 \u0438\u0445 \u043f\u043e\u0442\u0440\u0435\u0431\u043d\u043e\u0441\u0442\u0435\u0439, \u0438 \u043e\u0442\u0432\u0435\u0442\u0441\u0442\u0432\u0435\u043d\u043d\u043e\u0441\u0442\u044c \u043b\u0435\u0436\u0438\u0442 \u043d\u0430 \u0442\u0440\u0435\u0442\u044c\u0438\u0445 \u043b\u0438\u0446\u0430\u0445, \u0432\u043b\u0430\u0434\u0435\u044e\u0449\u0438\u0445 \u0444\u0430\u0439\u043b\u0430\u043c\u0438 cookie.<\/p>\r\n<p><strong>\u041a\u0430\u043a\u0438\u0435 \u043f\u0435\u0440\u0441\u043e\u043d\u0430\u043b\u044c\u043d\u044b\u0435 \u0434\u0430\u043d\u043d\u044b\u0435 \u043e\u0431\u0440\u0430\u0431\u0430\u0442\u044b\u0432\u0430\u044e\u0442\u0441\u044f \u0441 \u043f\u043e\u043c\u043e\u0449\u044c\u044e \u0444\u0430\u0439\u043b\u043e\u0432 cookie?<\/strong><\/p>\r\n<p>\u0412\u0430\u0448\u0430 \u043b\u0438\u0447\u043d\u043e\u0441\u0442\u044c (\u0438\u043c\u044f, \u0444\u0430\u043c\u0438\u043b\u0438\u044f, \u0434\u0430\u0442\u0430 \u0440\u043e\u0436\u0434\u0435\u043d\u0438\u044f \u0438 \u0442. \u0434.) \u0438 \u043a\u043e\u043d\u0442\u0430\u043a\u0442\u043d\u0430\u044f \u0438\u043d\u0444\u043e\u0440\u043c\u0430\u0446\u0438\u044f (\u0430\u0434\u0440\u0435\u0441, \u0430\u0434\u0440\u0435\u0441 \u044d\u043b\u0435\u043a\u0442\u0440\u043e\u043d\u043d\u043e\u0439 \u043f\u043e\u0447\u0442\u044b, \u0442\u0435\u043b\u0435\u0444\u043e\u043d, IP, \u043c\u0435\u0441\u0442\u043e\u043f\u043e\u043b\u043e\u0436\u0435\u043d\u0438\u0435 \u0438 \u0442. \u0434.) \u0441\u043e\u0431\u0438\u0440\u0430\u044e\u0442\u0441\u044f \u043d\u0430\u043c\u0438 \u0441 \u043f\u043e\u043c\u043e\u0449\u044c\u044e \u0444\u0430\u0439\u043b\u043e\u0432 cookie, \u0430\u0432\u0442\u043e\u043c\u0430\u0442\u0438\u0447\u0435\u0441\u043a\u0438\u0445 \u0438\u043b\u0438 \u043d\u0435\u0430\u0432\u0442\u043e\u043c\u0430\u0442\u0438\u0447\u0435\u0441\u043a\u0438\u0445 \u043c\u0435\u0442\u043e\u0434\u043e\u0432, \u0430 \u0438\u043d\u043e\u0433\u0434\u0430 \u0438 \u043f\u043e\u0441\u0442\u0430\u0432\u0449\u0438\u043a\u0438 \u0430\u043d\u0430\u043b\u0438\u0442\u0438\u043a\u0438.\u041e\u043d\u0438 \u0431\u0443\u0434\u0443\u0442 \u043f\u043e\u043b\u0443\u0447\u0435\u043d\u044b, \u0437\u0430\u043f\u0438\u0441\u0430\u043d\u044b, \u0441\u043e\u0445\u0440\u0430\u043d\u0435\u043d\u044b \u0438 \u043e\u0431\u043d\u043e\u0432\u043b\u0435\u043d\u044b \u043e\u0442 \u0442\u0440\u0435\u0442\u044c\u0438\u0445 \u043b\u0438\u0446, \u0442\u0430\u043a\u0438\u0445 \u043a\u0430\u043a \u0440\u0435\u043a\u043b\u0430\u043c\u043d\u044b\u0435 \u0441\u0435\u0442\u0438, \u043f\u043e\u0441\u0442\u0430\u0432\u0449\u0438\u043a\u0438 \u043f\u043e\u0438\u0441\u043a\u043e\u0432\u043e\u0439 \u0438\u043d\u0444\u043e\u0440\u043c\u0430\u0446\u0438\u0438, \u043f\u043e\u0441\u0442\u0430\u0432\u0449\u0438\u043a\u0438 \u0442\u0435\u0445\u043d\u043e\u043b\u043e\u0433\u0438\u0439, \u0438 \u043e\u0431\u0440\u0430\u0431\u043e\u0442\u0430\u043d\u044b \u043d\u0430 \u043e\u0441\u043d\u043e\u0432\u0435 \u0437\u0430\u043a\u043e\u043d\u043d\u044b\u0445 \u0438\u043d\u0442\u0435\u0440\u0435\u0441\u043e\u0432 \u043e\u0431\u0440\u0430\u0431\u043e\u0442\u043a\u0438 \u0432 \u0440\u0430\u043c\u043a\u0430\u0445, \u0430 \u0442\u0430\u043a\u0436\u0435 \u0432\u043e \u0432\u0440\u0435\u043c\u044f \u043e\u043a\u0430\u0437\u0430\u043d\u0438\u044f \u0443\u0441\u043b\u0443\u0433 \u0438 \u0434\u043e\u0433\u043e\u0432\u043e\u0440\u043d\u044b\u0445 \u043e\u0442\u043d\u043e\u0448\u0435\u043d\u0438\u0439 \u043c\u0435\u0436\u0434\u0443 \u043d\u0430\u043c\u0438.<\/p>\r\n<p><strong>\u0414\u043b\u044f \u043a\u0430\u043a\u043e\u0439 \u0446\u0435\u043b\u0438 \u0438\u0441\u043f\u043e\u043b\u044c\u0437\u0443\u044e\u0442\u0441\u044f \u0444\u0430\u0439\u043b\u044b cookie?<\/strong><\/p>\r\n<p>\u041d\u0430\u0448 \u0432\u0435\u0431-\u0441\u0430\u0439\u0442 \u0438\u0441\u043f\u043e\u043b\u044c\u0437\u0443\u0435\u0442 \u0444\u0430\u0439\u043b\u044b cookie \u0434\u043b\u044f \u043e\u0431\u0435\u0441\u043f\u0435\u0447\u0435\u043d\u0438\u044f \u0431\u0435\u0437\u043e\u043f\u0430\u0441\u043d\u043e\u0441\u0442\u0438 \u043f\u0443\u0442\u0435\u043c \u043e\u0431\u043d\u0430\u0440\u0443\u0436\u0435\u043d\u0438\u044f \u043f\u043e\u0434\u043e\u0437\u0440\u0438\u0442\u0435\u043b\u044c\u043d\u044b\u0445 \u0434\u0435\u0439\u0441\u0442\u0432\u0438\u0439, \u0434\u043b\u044f \u043f\u043e\u0432\u044b\u0448\u0435\u043d\u0438\u044f \u0444\u0443\u043d\u043a\u0446\u0438\u043e\u043d\u0430\u043b\u044c\u043d\u043e\u0441\u0442\u0438 \u0438 \u043f\u0440\u043e\u0438\u0437\u0432\u043e\u0434\u0438\u0442\u0435\u043b\u044c\u043d\u043e\u0441\u0442\u0438 \u0432 \u0441\u043e\u043e\u0442\u0432\u0435\u0442\u0441\u0442\u0432\u0438\u0438 \u0441 \u043f\u0440\u0435\u0434\u043f\u043e\u0447\u0442\u0435\u043d\u0438\u044f\u043c\u0438 \u043f\u043e\u043b\u044c\u0437\u043e\u0432\u0430\u0442\u0435\u043b\u0435\u0439, \u0434\u043b\u044f \u0440\u0430\u0437\u0440\u0430\u0431\u043e\u0442\u043a\u0438 \u0438 \u043f\u0435\u0440\u0441\u043e\u043d\u0430\u043b\u0438\u0437\u0430\u0446\u0438\u0438 \u043f\u0440\u043e\u0434\u0443\u043a\u0442\u043e\u0432 \u0438 \u0443\u0441\u043b\u0443\u0433, \u0430 \u0442\u0430\u043a\u0436\u0435 \u0434\u043b\u044f \u043e\u0431\u043b\u0435\u0433\u0447\u0435\u043d\u0438\u044f \u0434\u043e\u0441\u0442\u0443\u043f\u0430 \u043a \u044d\u0442\u0438\u043c \u0443\u0441\u043b\u0443\u0433\u0430\u043c, \u0430 \u0442\u0430\u043a\u0436\u0435 \u0434\u043b\u044f \u0432\u044b\u043f\u043e\u043b\u043d\u0435\u043d\u0438\u044f \u0434\u043e\u0433\u043e\u0432\u043e\u0440\u043d\u044b\u0445 \u0438 \u044e\u0440\u0438\u0434\u0438\u0447\u0435\u0441\u043a\u0438\u0445 \u043e\u0431\u044f\u0437\u0430\u0442\u0435\u043b\u044c\u0441\u0442\u0432. \u041a\u0440\u043e\u043c\u0435 \u0442\u043e\u0433\u043e, \u0432\u043e\u0437\u043c\u043e\u0436\u043d\u044b \u0440\u0435\u043a\u043b\u0430\u043c\u043d\u044b\u0435 \u0444\u0430\u0439\u043b\u044b cookie \u0438 \u043e\u0431\u043c\u0435\u043d \u0438\u043d\u0444\u043e\u0440\u043c\u0430\u0446\u0438\u0435\u0439 \u0441 \u0442\u0440\u0435\u0442\u044c\u0438\u043c\u0438 \u043b\u0438\u0446\u0430\u043c\u0438, \u0447\u0442\u043e\u0431\u044b \u0441\u0432\u044f\u0437\u0430\u0442\u044c \u043f\u043e\u043b\u044c\u0437\u043e\u0432\u0430\u0442\u0435\u043b\u0435\u0439 \u0441 \u0431\u043e\u043b\u0435\u0435 \u0448\u0438\u0440\u043e\u043a\u0438\u043c \u043a\u0440\u0443\u0433\u043e\u043c \u043f\u043e\u0441\u0442\u0430\u0432\u0449\u0438\u043a\u043e\u0432 \u0443\u0441\u043b\u0443\u0433.<\/p>\r\n<p><strong>\u041a\u0430\u043a \u0443\u043f\u0440\u0430\u0432\u043b\u044f\u044e\u0442\u0441\u044f \u0444\u0430\u0439\u043b\u044b cookie?<\/strong><\/p>\r\n<p>\u041f\u043e\u0441\u043b\u0435 \u0432\u0441\u0435\u0445 \u044d\u0442\u0438\u0445 \u043e\u0431\u044a\u044f\u0441\u043d\u0435\u043d\u0438\u0439 \u0432\u043e\u043f\u0440\u043e\u0441 \u043e \u0442\u043e\u043c, \u043a\u0430\u043a\u0438\u0435 \u0444\u0430\u0439\u043b\u044b cookie \u0438\u0441\u043f\u043e\u043b\u044c\u0437\u043e\u0432\u0430\u0442\u044c, \u043e\u0441\u0442\u0430\u0435\u0442\u0441\u044f \u043f\u043e\u043b\u043d\u043e\u0441\u0442\u044c\u044e \u043d\u0430 \u0443\u0441\u043c\u043e\u0442\u0440\u0435\u043d\u0438\u0435 \u043d\u0430\u0448\u0438\u0445 \u043f\u043e\u043b\u044c\u0437\u043e\u0432\u0430\u0442\u0435\u043b\u0435\u0439. \u0412\u044b \u043c\u043e\u0436\u0435\u0442\u0435 \u0443\u043f\u0440\u0430\u0432\u043b\u044f\u0442\u044c \u043d\u0430\u0441\u0442\u0440\u043e\u0439\u043a\u0430\u043c\u0438 \u0444\u0430\u0439\u043b\u043e\u0432 cookie \u0441\u0440\u0430\u0437\u0443 \u043f\u043e\u0441\u043b\u0435 \u0432\u0445\u043e\u0434\u0430 \u043d\u0430 \u043d\u0430\u0448 \u0432\u0435\u0431-\u0441\u0430\u0439\u0442, \u0443\u0434\u0430\u043b\u0438\u0432 \u0438\u043b\u0438 \u0437\u0430\u0431\u043b\u043e\u043a\u0438\u0440\u043e\u0432\u0430\u0432 \u0438\u0445 \u0432 \u043d\u0430\u0441\u0442\u0440\u043e\u0439\u043a\u0430\u0445 \u0432\u0430\u0448\u0435\u0433\u043e \u0431\u0440\u0430\u0443\u0437\u0435\u0440\u0430, \u0438\u043b\u0438 \u0432\u044b \u043c\u043e\u0436\u0435\u0442\u0435 \u0438\u0437\u043c\u0435\u043d\u0438\u0442\u044c \u044d\u0442\u0438 \u043d\u0430\u0441\u0442\u0440\u043e\u0439\u043a\u0438 \u0432 \u043b\u044e\u0431\u043e\u0435 \u0432\u0440\u0435\u043c\u044f \u0432 \u0431\u0443\u0434\u0443\u0449\u0435\u043c. \u0414\u043b\u044f \u043f\u043e\u043b\u0443\u0447\u0435\u043d\u0438\u044f \u0431\u043e\u043b\u0435\u0435 \u043f\u043e\u0434\u0440\u043e\u0431\u043d\u043e\u0439 \u0438\u043d\u0444\u043e\u0440\u043c\u0430\u0446\u0438\u0438 \u0432\u044b \u043c\u043e\u0436\u0435\u0442\u0435 \u043e\u0437\u043d\u0430\u043a\u043e\u043c\u0438\u0442\u044c\u0441\u044f \u0441 \u043d\u0430\u0448\u0435\u0439 \u041f\u043e\u043b\u0438\u0442\u0438\u043a\u043e\u0439 \u043a\u043e\u043d\u0444\u0438\u0434\u0435\u043d\u0446\u0438\u0430\u043b\u044c\u043d\u043e\u0441\u0442\u0438 \u0438\u043b\u0438 \u0441\u0432\u044f\u0437\u0430\u0442\u044c\u0441\u044f \u0441 \u043d\u0430\u043c\u0438 \u043f\u043e \u0430\u0434\u0440\u0435\u0441\u0443 \u044d\u043b\u0435\u043a\u0442\u0440\u043e\u043d\u043d\u043e\u0439 \u043f\u043e\u0447\u0442\u044b info@mekaotomotiv.com.tr.<\/p>","protected":false},"excerpt":{"rendered":"<p>Son g\u00fcncellenme: 30\/11\/2023 Biz, Meka Otomotiv Yedek Par\u00e7a San. ve Tic. Ltd. \u015eti., olarak g\u00fcvenli\u011finize \u00f6nem veriyor ve bu \u00c7erez Politikas\u0131 ile siz sevgili ziyaret\u00e7ilerimizi, web sitemizde hangi \u00e7erezleri, hangi ama\u00e7la kulland\u0131\u011f\u0131m\u0131z ve \u00e7erez ayarlar\u0131n\u0131z\u0131 nas\u0131l de\u011fi\u015ftirece\u011finiz konular\u0131nda k\u0131saca bilgilendirmeyi hedefliyoruz. Sizlere daha iyi hizmet verebilmek ad\u0131na, \u00e7erezler vas\u0131tas\u0131yla, ne t\u00fcr ki\u015fisel verilerinizin hangi ama\u00e7la&#8230;<\/p>","protected":false},"author":1,"featured_media":0,"parent":0,"menu_order":0,"comment_status":"closed","ping_status":"open","template":"","meta":{"om_disable_all_campaigns":false,"_monsterinsights_skip_tracking":false,"_monsterinsights_sitenote_active":false,"_monsterinsights_sitenote_note":"","_monsterinsights_sitenote_category":0,"footnotes":""},"class_list":["post-9409","page","type-page","status-publish","hentry"],"aioseo_notices":[],"_links":{"self":[{"href":"https:\/\/www.mekaotomotiv.com.tr\/ru\/wp-json\/wp\/v2\/pages\/9409","targetHints":{"allow":["GET"]}}],"collection":[{"href":"https:\/\/www.mekaotomotiv.com.tr\/ru\/wp-json\/wp\/v2\/pages"}],"about":[{"href":"https:\/\/www.mekaotomotiv.com.tr\/ru\/wp-json\/wp\/v2\/types\/page"}],"author":[{"embeddable":true,"href":"https:\/\/www.mekaotomotiv.com.tr\/ru\/wp-json\/wp\/v2\/users\/1"}],"replies":[{"embeddable":true,"href":"https:\/\/www.mekaotomotiv.com.tr\/ru\/wp-json\/wp\/v2\/comments?post=9409"}],"version-history":[{"count":3,"href":"https:\/\/www.mekaotomotiv.com.tr\/ru\/wp-json\/wp\/v2\/pages\/9409\/revisions"}],"predecessor-version":[{"id":9412,"href":"https:\/\/www.mekaotomotiv.com.tr\/ru\/wp-json\/wp\/v2\/pages\/9409\/revisions\/9412"}],"wp:attachment":[{"href":"https:\/\/www.mekaotomotiv.com.tr\/ru\/wp-json\/wp\/v2\/media?parent=9409"}],"curies":[{"name":"wp","href":"https:\/\/api.w.org\/{rel}","templated":true}]}}