{"id":9827,"date":"2023-12-13T23:16:23","date_gmt":"2023-12-13T20:16:23","guid":{"rendered":"https:\/\/www.mekaotomotiv.com.tr\/?page_id=9827"},"modified":"2024-01-21T23:09:21","modified_gmt":"2024-01-21T20:09:21","slug":"uretim-ar-ge","status":"publish","type":"page","link":"https:\/\/www.mekaotomotiv.com.tr\/ru\/uretim-ar-ge\/","title":{"rendered":"\u041f\u0440\u043e\u0438\u0437\u0432\u043e\u0434\u0441\u0442\u0432\u043e | \u041d\u0418\u041e\u041a\u0420"},"content":{"rendered":"<div data-elementor-type=\"wp-page\" data-elementor-id=\"9827\" class=\"elementor elementor-9827\" data-elementor-post-type=\"page\">\n\t\t\t\t\t\t\t<div class=\"elementor-element elementor-element-498843b e-flex e-con-boxed e-con e-parent\" data-id=\"498843b\" data-element_type=\"container\" data-settings=\"{&quot;content_width&quot;:&quot;boxed&quot;}\" data-core-v316-plus=\"true\">\n\t\t\t\t\t<div class=\"e-con-inner\">\n\t\t\t\t<div class=\"elementor-element elementor-element-e1709cd elementor-widget elementor-widget-text-editor\" data-id=\"e1709cd\" data-element_type=\"widget\" data-widget_type=\"text-editor.default\">\n\t\t\t\t<div class=\"elementor-widget-container\">\n\t\t\t<style>\/*! elementor - v3.17.0 - 08-11-2023 *\/\n.elementor-widget-text-editor.elementor-drop-cap-view-stacked .elementor-drop-cap{background-color:#69727d;color:#fff}.elementor-widget-text-editor.elementor-drop-cap-view-framed .elementor-drop-cap{color:#69727d;border:3px solid;background-color:transparent}.elementor-widget-text-editor:not(.elementor-drop-cap-view-default) .elementor-drop-cap{margin-top:8px}.elementor-widget-text-editor:not(.elementor-drop-cap-view-default) .elementor-drop-cap-letter{width:1em;height:1em}.elementor-widget-text-editor .elementor-drop-cap{float:left;text-align:center;line-height:1;font-size:50px}.elementor-widget-text-editor .elementor-drop-cap-letter{display:inline-block}<\/style>\t\t\t\t<p>\u0413\u043b\u0430\u0432\u043d\u0430\u044f \u0446\u0435\u043b\u044c \u043d\u0430\u0448\u0435\u0433\u043e \u043e\u0442\u0434\u0435\u043b\u0430 \u0438\u0441\u0441\u043b\u0435\u0434\u043e\u0432\u0430\u043d\u0438\u0439 \u0438 \u0440\u0430\u0437\u0440\u0430\u0431\u043e\u0442\u043e\u043a, \u043a\u043e\u0442\u043e\u0440\u044b\u0439 \u043c\u044b \u0441\u0444\u043e\u0440\u043c\u0438\u0440\u043e\u0432\u0430\u043b\u0438, \u043e\u0431\u044a\u0435\u0434\u0438\u043d\u0438\u0432 \u043d\u0430\u0448 \u043e\u043f\u044b\u0442 \u0440\u0430\u0431\u043e\u0442\u044b \u0432 \u0441\u0444\u0435\u0440\u0435 \u0433\u0440\u0443\u0437\u043e\u043f\u0435\u0440\u0435\u0432\u043e\u0437\u043e\u043a \u0438 \u043c\u0430\u0441\u0442\u0435\u0440\u0441\u043a\u0438\u0445 \u043f\u043e \u0440\u0435\u043c\u043e\u043d\u0442\u0443 \u0438 \u043e\u0431\u0441\u043b\u0443\u0436\u0438\u0432\u0430\u043d\u0438\u044e \u0441 \u0441\u0430\u043c\u044b\u043c\u0438 \u043f\u0435\u0440\u0435\u0434\u043e\u0432\u044b\u043c\u0438 \u0442\u0435\u0445\u043d\u043e\u043b\u043e\u0433\u0438\u0447\u0435\u0441\u043a\u0438\u043c\u0438 \u044d\u043b\u0435\u043c\u0435\u043d\u0442\u0430\u043c\u0438, \u2014 \u044d\u0442\u043e \u043f\u0440\u0435\u0434\u043e\u0441\u0442\u0430\u0432\u043b\u0435\u043d\u0438\u0435 \u0430\u043b\u044c\u0442\u0435\u0440\u043d\u0430\u0442\u0438\u0432\u043d\u044b\u0445 \u0432\u0430\u0440\u0438\u0430\u043d\u0442\u043e\u0432, \u043a\u0430\u0447\u0435\u0441\u0442\u0432\u043e \u043a\u043e\u0442\u043e\u0440\u044b\u0445 \u043c\u043e\u0436\u0435\u0442 \u0441\u0440\u0430\u0432\u043d\u0438\u0442\u044c\u0441\u044f \u0441 \u043e\u0440\u0438\u0433\u0438\u043d\u0430\u043b\u044c\u043d\u044b\u043c\u0438 \u0430\u043d\u0430\u043b\u043e\u0433\u0430\u043c\u0438.<\/p><p>\u0412\u043e\u0442 \u043a\u0430\u043a \u043c\u044b \u0434\u0435\u0439\u0441\u0442\u0432\u0443\u0435\u043c, \u043a\u043e\u0433\u0434\u0430 \u043f\u0440\u0438\u043d\u0438\u043c\u0430\u0435\u043c \u0440\u0435\u0448\u0435\u043d\u0438\u0435 \u043e \u0438\u0437\u0433\u043e\u0442\u043e\u0432\u043b\u0435\u043d\u0438\u0438 \u0437\u0430\u043f\u0430\u0441\u043d\u043e\u0439 \u0447\u0430\u0441\u0442\u0438 \u0438\u043b\u0438 \u043a\u043e\u0433\u0434\u0430 \u0432\u044b \u043d\u0430\u043f\u0440\u0430\u0432\u043b\u044f\u0435\u0442\u0435 \u0437\u0430\u043f\u0440\u043e\u0441 \u043d\u0430 \u043d\u0435\u0435 \u0438\u0437 \u043b\u044e\u0431\u043e\u0439 \u0442\u043e\u0447\u043a\u0438 \u043c\u0438\u0440\u0430:<\/p><ul><li>\u0412\u0437\u044f\u0442\u0438\u0435 \u043f\u0440\u043e\u0431\u044b (\u043e\u0431\u0440\u0430\u0437\u0446\u0430)<\/li><li>3D-\u0441\u043a\u0430\u043d\u0438\u0440\u043e\u0432\u0430\u043d\u0438\u0435 \/ \u043c\u0430\u0441\u0448\u0442\u0430\u0431\u0438\u0440\u043e\u0432\u0430\u043d\u0438\u0435<\/li><li>\u0414\u0438\u0437\u0430\u0439\u043d<\/li><li>\u041f\u0440\u043e\u0442\u043e\u0442\u0438\u043f<\/li><li>\u0422\u0435\u0441\u0442\u0438\u0440\u043e\u0432\u0430\u043d\u0438\u0435<\/li><li>\u041f\u0440\u043e\u0438\u0437\u0432\u043e\u0434\u0441\u0442\u0432\u043e \u043e\u0431\u0440\u0430\u0437\u0446\u043e\u0432 \u0438\u0437\u0434\u0435\u043b\u0438\u044f<\/li><li>\u0423\u0442\u0432\u0435\u0440\u0436\u0434\u0435\u043d\u0438\u0435<\/li><li>\u0421\u0435\u0440\u0438\u0439\u043d\u043e\u0435 \u043f\u0440\u043e\u0438\u0437\u0432\u043e\u0434\u0441\u0442\u0432\u043e<\/li><\/ul><p>\u00a0\u0427\u0442\u043e\u0431\u044b \u043e\u0437\u043d\u0430\u043a\u043e\u043c\u0438\u0442\u044c\u0441\u044f \u0441 \u043f\u0440\u043e\u0434\u0443\u043a\u0442\u0430\u043c\u0438, \u043a\u043e\u0442\u043e\u0440\u044b\u0435 \u043c\u044b \u043f\u0440\u043e\u0438\u0437\u0432\u043e\u0434\u0438\u043c \u043d\u0430 \u043d\u0430\u0448\u0435\u043c \u043f\u0440\u0435\u0434\u043f\u0440\u0438\u044f\u0442\u0438\u0438 \u0438 \u043a\u043e\u0442\u043e\u0440\u044b\u0435 \u043f\u043e\u0434\u0442\u0432\u0435\u0440\u0434\u0438\u043b\u0438 \u0441\u0432\u043e\u0435 \u043a\u0430\u0447\u0435\u0441\u0442\u0432\u043e, \u043e\u0431\u0440\u0430\u0442\u0438\u0442\u0435\u0441\u044c \u0437\u0430 \u043a\u0430\u0442\u0430\u043b\u043e\u0433\u043e\u043c \u0447\u0435\u0440\u0435\u0437 \u043d\u0430\u0448\u0443 \u043a\u043e\u043d\u0442\u0430\u043a\u0442\u043d\u0443\u044e \u043f\u0430\u043d\u0435\u043b\u044c.<\/p>\t\t\t\t\t\t<\/div>\n\t\t\t\t<\/div>\n\t\t\t\t\t<\/div>\n\t\t\t\t<\/div>\n\t\t\t\t\t\t\t<\/div>","protected":false},"excerpt":{"rendered":"<p>Y\u00fck ta\u015f\u0131mac\u0131l\u0131\u011f\u0131 ve tamir &amp; servis at\u00f6lyesi ge\u00e7mi\u015fimizi m\u00fcmk\u00fcn olan en ileri teknoloji unsurlar\u0131 ile harmanlayarak olu\u015fturdu\u011fumuz AR-GE b\u00f6l\u00fcm\u00fcm\u00fcz\u00fcn as\u0131l amac\u0131, orijinal muadili say\u0131labilecek kaliteye sahip alternatifler sunmakt\u0131r. Bir yedek par\u00e7an\u0131n \u00fcretimini yapmaya karar verdi\u011fimizde veya d\u00fcnyan\u0131n herhangi bir yerinden bu konuda bir talebiniz oldu\u011funda i\u015fleyi\u015fimiz bu \u015fekildedir ; Numune(\u00f6rnek) al\u0131m\u0131 3 boyutlu tarama \/&#8230;<\/p>","protected":false},"author":1,"featured_media":0,"parent":0,"menu_order":0,"comment_status":"closed","ping_status":"open","template":"","meta":{"om_disable_all_campaigns":false,"_monsterinsights_skip_tracking":false,"_monsterinsights_sitenote_active":false,"_monsterinsights_sitenote_note":"","_monsterinsights_sitenote_category":0,"footnotes":""},"class_list":["post-9827","page","type-page","status-publish","hentry"],"aioseo_notices":[],"_links":{"self":[{"href":"https:\/\/www.mekaotomotiv.com.tr\/ru\/wp-json\/wp\/v2\/pages\/9827","targetHints":{"allow":["GET"]}}],"collection":[{"href":"https:\/\/www.mekaotomotiv.com.tr\/ru\/wp-json\/wp\/v2\/pages"}],"about":[{"href":"https:\/\/www.mekaotomotiv.com.tr\/ru\/wp-json\/wp\/v2\/types\/page"}],"author":[{"embeddable":true,"href":"https:\/\/www.mekaotomotiv.com.tr\/ru\/wp-json\/wp\/v2\/users\/1"}],"replies":[{"embeddable":true,"href":"https:\/\/www.mekaotomotiv.com.tr\/ru\/wp-json\/wp\/v2\/comments?post=9827"}],"version-history":[{"count":23,"href":"https:\/\/www.mekaotomotiv.com.tr\/ru\/wp-json\/wp\/v2\/pages\/9827\/revisions"}],"predecessor-version":[{"id":10098,"href":"https:\/\/www.mekaotomotiv.com.tr\/ru\/wp-json\/wp\/v2\/pages\/9827\/revisions\/10098"}],"wp:attachment":[{"href":"https:\/\/www.mekaotomotiv.com.tr\/ru\/wp-json\/wp\/v2\/media?parent=9827"}],"curies":[{"name":"wp","href":"https:\/\/api.w.org\/{rel}","templated":true}]}}