{"id":10595,"date":"2024-04-23T14:23:26","date_gmt":"2024-04-23T11:23:26","guid":{"rendered":"https:\/\/www.mekaotomotiv.com.tr\/?post_type=product&#038;p=10595"},"modified":"2024-04-24T15:25:44","modified_gmt":"2024-04-24T12:25:44","slug":"2-201135-volvo-trucks","status":"publish","type":"product","link":"https:\/\/www.mekaotomotiv.com.tr\/ru\/product\/2-201135-volvo-trucks\/","title":{"rendered":"2.201135 VOLVO TRUCKS | VOLVO PENTA | CONSTRUCTION"},"content":{"rendered":"<p>OED NO haricindeki referans numaralar\u0131 ve isimler yaln\u0131zca kar\u015f\u0131la\u015ft\u0131rma ama\u00e7l\u0131d\u0131r.<\/p>\n<p>Reference numbers and names with the exception of OED NO, are only intended for comparison purposes.<\/p>","protected":false},"excerpt":{"rendered":"<p>20431135 | 20431137 | 20431151 | 20713787 | 20713954 | 20734268 | 3803909 | 8113275 | 8170833 | 85000076 | 85000452<\/p>\n<p>SUITABLE FOR : D 12<\/p>\n<p>DEV\u0130RDA\u0130M<\/p>\n<p>WATER PUMP<\/p>\n<p>BOMBA DE AGUA<\/p>\n<p>\u0412\u043e\u0434\u044f\u043d\u043e\u0439 \u043d\u0430\u0441\u043e\u0441<\/p>","protected":false},"featured_media":10596,"template":"","meta":{"om_disable_all_campaigns":false,"_monsterinsights_skip_tracking":false,"_monsterinsights_sitenote_active":false,"_monsterinsights_sitenote_note":"","_monsterinsights_sitenote_category":0},"product_cat":[78,64,29],"product_tag":[],"class_list":["post-10595","product","type-product","status-publish","has-post-thumbnail","hentry","product_cat-sogutma-sistemi","product_cat-volvo-penta","product_cat-volvo"],"aioseo_notices":[],"_links":{"self":[{"href":"https:\/\/www.mekaotomotiv.com.tr\/ru\/wp-json\/wp\/v2\/product\/10595","targetHints":{"allow":["GET"]}}],"collection":[{"href":"https:\/\/www.mekaotomotiv.com.tr\/ru\/wp-json\/wp\/v2\/product"}],"about":[{"href":"https:\/\/www.mekaotomotiv.com.tr\/ru\/wp-json\/wp\/v2\/types\/product"}],"wp:featuredmedia":[{"embeddable":true,"href":"https:\/\/www.mekaotomotiv.com.tr\/ru\/wp-json\/wp\/v2\/media\/10596"}],"wp:attachment":[{"href":"https:\/\/www.mekaotomotiv.com.tr\/ru\/wp-json\/wp\/v2\/media?parent=10595"}],"wp:term":[{"taxonomy":"product_cat","embeddable":true,"href":"https:\/\/www.mekaotomotiv.com.tr\/ru\/wp-json\/wp\/v2\/product_cat?post=10595"},{"taxonomy":"product_tag","embeddable":true,"href":"https:\/\/www.mekaotomotiv.com.tr\/ru\/wp-json\/wp\/v2\/product_tag?post=10595"}],"curies":[{"name":"wp","href":"https:\/\/api.w.org\/{rel}","templated":true}]}}