{"id":10603,"date":"2024-04-23T14:30:24","date_gmt":"2024-04-23T11:30:24","guid":{"rendered":"https:\/\/www.mekaotomotiv.com.tr\/?post_type=product&#038;p=10603"},"modified":"2024-04-24T15:35:53","modified_gmt":"2024-04-24T12:35:53","slug":"2-200305-volvo-trucks","status":"publish","type":"product","link":"https:\/\/www.mekaotomotiv.com.tr\/ru\/product\/2-200305-volvo-trucks\/","title":{"rendered":"2.200305 VOLVO TRUCKS"},"content":{"rendered":"<p>OED NO haricindeki referans numaralar\u0131 ve isimler yaln\u0131zca kar\u015f\u0131la\u015ft\u0131rma ama\u00e7l\u0131d\u0131r.<\/p>\n<p>Reference numbers and names with the exception of OED NO, are only intended for comparison purposes.<\/p>","protected":false},"excerpt":{"rendered":"<p>8170305 | 8113274<\/p>\n<p>SUITABLE FOR : D 12 C<\/p>\n<p>DEV\u0130RDA\u0130M<\/p>\n<p>WATER PUMP<\/p>\n<p>BOMBA DE AGUA<\/p>\n<p>\u0412\u043e\u0434\u044f\u043d\u043e\u0439 \u043d\u0430\u0441\u043e\u0441<\/p>","protected":false},"featured_media":10604,"template":"","meta":{"om_disable_all_campaigns":false,"_monsterinsights_skip_tracking":false,"_monsterinsights_sitenote_active":false,"_monsterinsights_sitenote_note":"","_monsterinsights_sitenote_category":0},"product_cat":[78,29],"product_tag":[],"class_list":["post-10603","product","type-product","status-publish","has-post-thumbnail","hentry","product_cat-sogutma-sistemi","product_cat-volvo"],"aioseo_notices":[],"_links":{"self":[{"href":"https:\/\/www.mekaotomotiv.com.tr\/ru\/wp-json\/wp\/v2\/product\/10603","targetHints":{"allow":["GET"]}}],"collection":[{"href":"https:\/\/www.mekaotomotiv.com.tr\/ru\/wp-json\/wp\/v2\/product"}],"about":[{"href":"https:\/\/www.mekaotomotiv.com.tr\/ru\/wp-json\/wp\/v2\/types\/product"}],"wp:featuredmedia":[{"embeddable":true,"href":"https:\/\/www.mekaotomotiv.com.tr\/ru\/wp-json\/wp\/v2\/media\/10604"}],"wp:attachment":[{"href":"https:\/\/www.mekaotomotiv.com.tr\/ru\/wp-json\/wp\/v2\/media?parent=10603"}],"wp:term":[{"taxonomy":"product_cat","embeddable":true,"href":"https:\/\/www.mekaotomotiv.com.tr\/ru\/wp-json\/wp\/v2\/product_cat?post=10603"},{"taxonomy":"product_tag","embeddable":true,"href":"https:\/\/www.mekaotomotiv.com.tr\/ru\/wp-json\/wp\/v2\/product_tag?post=10603"}],"curies":[{"name":"wp","href":"https:\/\/api.w.org\/{rel}","templated":true}]}}