{"id":11104,"date":"2024-04-30T22:18:10","date_gmt":"2024-04-30T19:18:10","guid":{"rendered":"https:\/\/www.mekaotomotiv.com.tr\/?post_type=product&#038;p=11104"},"modified":"2024-04-30T22:19:22","modified_gmt":"2024-04-30T19:19:22","slug":"4-406123-daf-universal","status":"publish","type":"product","link":"https:\/\/www.mekaotomotiv.com.tr\/ru\/product\/4-406123-daf-universal\/","title":{"rendered":"4.406123 DAF | UNIVERSAL"},"content":{"rendered":"<p>OED NO haricindeki referans numaralar\u0131 ve isimler yaln\u0131zca kar\u015f\u0131la\u015ft\u0131rma ama\u00e7l\u0131d\u0131r.<\/p>\n<p>Reference numbers and names with the exception of OED NO, are only intended for comparison purposes.<\/p>","protected":false},"excerpt":{"rendered":"<p>0066123 | 1311608 | 1745259 | 5001834118 | 0000908850 | OD20513 | 7382120 | 820636<\/p>\n<p>MAZOT EL OTOMAT\u0130\u011e\u0130<\/p>\n<p>FUEL HAND PUMP<\/p>\n<p>BOMBA DE MANO<\/p>\n<p>\u0420\u0443\u0447\u043d\u043e\u0439 \u043d\u0430\u0441\u043e\u0441<\/p>","protected":false},"featured_media":11105,"template":"","meta":{"om_disable_all_campaigns":false,"_monsterinsights_skip_tracking":false,"_monsterinsights_sitenote_active":false,"_monsterinsights_sitenote_note":"","_monsterinsights_sitenote_category":0},"product_cat":[28,82],"product_tag":[],"class_list":["post-11104","product","type-product","status-publish","has-post-thumbnail","hentry","product_cat-daf","product_cat-yakit-sistemi"],"aioseo_notices":[],"_links":{"self":[{"href":"https:\/\/www.mekaotomotiv.com.tr\/ru\/wp-json\/wp\/v2\/product\/11104","targetHints":{"allow":["GET"]}}],"collection":[{"href":"https:\/\/www.mekaotomotiv.com.tr\/ru\/wp-json\/wp\/v2\/product"}],"about":[{"href":"https:\/\/www.mekaotomotiv.com.tr\/ru\/wp-json\/wp\/v2\/types\/product"}],"wp:featuredmedia":[{"embeddable":true,"href":"https:\/\/www.mekaotomotiv.com.tr\/ru\/wp-json\/wp\/v2\/media\/11105"}],"wp:attachment":[{"href":"https:\/\/www.mekaotomotiv.com.tr\/ru\/wp-json\/wp\/v2\/media?parent=11104"}],"wp:term":[{"taxonomy":"product_cat","embeddable":true,"href":"https:\/\/www.mekaotomotiv.com.tr\/ru\/wp-json\/wp\/v2\/product_cat?post=11104"},{"taxonomy":"product_tag","embeddable":true,"href":"https:\/\/www.mekaotomotiv.com.tr\/ru\/wp-json\/wp\/v2\/product_tag?post=11104"}],"curies":[{"name":"wp","href":"https:\/\/api.w.org\/{rel}","templated":true}]}}