{"id":11114,"date":"2024-05-01T12:13:36","date_gmt":"2024-05-01T09:13:36","guid":{"rendered":"https:\/\/www.mekaotomotiv.com.tr\/?post_type=product&#038;p=11114"},"modified":"2024-05-01T12:18:44","modified_gmt":"2024-05-01T09:18:44","slug":"5-400601-mercedes-benz","status":"publish","type":"product","link":"https:\/\/www.mekaotomotiv.com.tr\/ru\/product\/5-400601-mercedes-benz\/","title":{"rendered":"5.400601 MERCEDES BENZ"},"content":{"rendered":"<p>OED NO haricindeki referans numaralar\u0131 ve isimler yaln\u0131zca kar\u015f\u0131la\u015ft\u0131rma ama\u00e7l\u0131d\u0131r.<\/p>\n<p>Reference numbers and names with the exception of OED NO, are only intended for comparison purposes.<\/p>","protected":false},"excerpt":{"rendered":"<p>4570910601 | 4570910401 | 4570910101<\/p>\n<p>MAZOT POMPASI<\/p>\n<p>FUEL PUMP<\/p>\n<p>BOMBA DE COMBUSTIBLE<\/p>\n<p>\u0422\u043e\u043f\u043b\u0438\u0432\u043d\u044b\u0439 \u043d\u0430\u0441\u043e\u0441<\/p>","protected":false},"featured_media":11115,"template":"","meta":{"om_disable_all_campaigns":false,"_monsterinsights_skip_tracking":false,"_monsterinsights_sitenote_active":false,"_monsterinsights_sitenote_note":"","_monsterinsights_sitenote_category":0},"product_cat":[62,82],"product_tag":[],"class_list":["post-11114","product","type-product","status-publish","has-post-thumbnail","hentry","product_cat-mercedes","product_cat-yakit-sistemi"],"aioseo_notices":[],"_links":{"self":[{"href":"https:\/\/www.mekaotomotiv.com.tr\/ru\/wp-json\/wp\/v2\/product\/11114","targetHints":{"allow":["GET"]}}],"collection":[{"href":"https:\/\/www.mekaotomotiv.com.tr\/ru\/wp-json\/wp\/v2\/product"}],"about":[{"href":"https:\/\/www.mekaotomotiv.com.tr\/ru\/wp-json\/wp\/v2\/types\/product"}],"wp:featuredmedia":[{"embeddable":true,"href":"https:\/\/www.mekaotomotiv.com.tr\/ru\/wp-json\/wp\/v2\/media\/11115"}],"wp:attachment":[{"href":"https:\/\/www.mekaotomotiv.com.tr\/ru\/wp-json\/wp\/v2\/media?parent=11114"}],"wp:term":[{"taxonomy":"product_cat","embeddable":true,"href":"https:\/\/www.mekaotomotiv.com.tr\/ru\/wp-json\/wp\/v2\/product_cat?post=11114"},{"taxonomy":"product_tag","embeddable":true,"href":"https:\/\/www.mekaotomotiv.com.tr\/ru\/wp-json\/wp\/v2\/product_tag?post=11114"}],"curies":[{"name":"wp","href":"https:\/\/api.w.org\/{rel}","templated":true}]}}